{"id":1682,"date":"2022-09-26T10:22:19","date_gmt":"2022-09-26T14:22:19","guid":{"rendered":"https:\/\/grpmegarbane.com\/bistro-du-pinacle\/menus\/"},"modified":"2026-05-06T00:04:38","modified_gmt":"2026-05-06T04:04:38","slug":"menus","status":"publish","type":"page","link":"https:\/\/grpmegarbane.com\/en\/bistro-du-pinacle\/menus\/","title":{"rendered":"Menus"},"content":{"rendered":"<p><div class=\"fusion-fullwidth fullwidth-box fusion-builder-row-1 fusion-flex-container has-pattern-background has-mask-background white nonhundred-percent-fullwidth non-hundred-percent-height-scrolling\" style=\"--awb-border-radius-top-left:0px;--awb-border-radius-top-right:0px;--awb-border-radius-bottom-right:0px;--awb-border-radius-bottom-left:0px;--awb-padding-top:140px;--awb-padding-bottom:60px;--awb-margin-bottom:100px;--awb-background-color:var(--awb-color2);--awb-flex-wrap:wrap;\" ><div class=\"fusion-builder-row fusion-row fusion-flex-align-items-flex-start fusion-flex-content-wrap\" style=\"max-width:1696px;margin-left: calc(-6% \/ 2 );margin-right: calc(-6% \/ 2 );\"><div class=\"fusion-layout-column fusion_builder_column fusion-builder-column-0 fusion_builder_column_1_2 1_2 fusion-flex-column fusion-flex-align-self-stretch fusion-animated\" style=\"--awb-bg-size:cover;--awb-width-large:50%;--awb-margin-top-large:0px;--awb-spacing-right-large:5.64%;--awb-margin-bottom-large:80px;--awb-spacing-left-large:5.64%;--awb-width-medium:50%;--awb-order-medium:0;--awb-spacing-right-medium:5.64%;--awb-spacing-left-medium:5.64%;--awb-width-small:100%;--awb-order-small:0;--awb-spacing-right-small:2.82%;--awb-spacing-left-small:2.82%;\" data-animationType=\"fadeInUp\" data-animationDuration=\"1.0\" data-animationOffset=\"top-into-view\"><div class=\"fusion-column-wrapper fusion-column-has-shadow fusion-flex-justify-content-center fusion-content-layout-column\"><div class=\"fusion-title title fusion-title-1 fusion-sep-none fusion-title-text fusion-title-size-one script\" style=\"--awb-margin-top:0px;--awb-margin-top-small:0px;\"><h1 class=\"fusion-title-heading title-heading-left\" style=\"margin:0;text-transform:none;\">Unique and creative menus in the heart of nature<\/h1><\/div><div class=\"fusion-text fusion-text-1\"><p data-start=\"50\" data-end=\"204\">Located at the foot of the Mont Pinacle hiking trails, we created a variety of menus so everyone can find something that suits their taste and experience.<\/p>\n<p data-start=\"206\" data-end=\"393\">First, we offer our \u201cTake Out Menu\u201d, a caf\u00e9-style menu perfect for Mont Pinacle hikers. This menu features a simplified and quick formula while maintaining high-quality homemade products.<\/p>\n<p data-start=\"395\" data-end=\"553\" data-is-last-node=\"\" data-is-only-node=\"\">We also provide private chef and catering services for all your events. Our team works with you to create a customized menu tailored to your needs and budget.<\/p>\n<\/div><\/div><\/div><div class=\"fusion-layout-column fusion_builder_column fusion-builder-column-1 fusion_builder_column_1_2 1_2 fusion-flex-column fusion-flex-align-self-stretch fusion-animated\" style=\"--awb-bg-size:cover;--awb-width-large:50%;--awb-margin-top-large:0px;--awb-spacing-right-large:5.64%;--awb-margin-bottom-large:80px;--awb-spacing-left-large:5.64%;--awb-width-medium:50%;--awb-order-medium:0;--awb-spacing-right-medium:5.64%;--awb-spacing-left-medium:5.64%;--awb-width-small:100%;--awb-order-small:0;--awb-spacing-right-small:2.82%;--awb-spacing-left-small:2.82%;\" data-animationType=\"slideInRight\" data-animationDuration=\"1.5\" data-animationOffset=\"top-into-view\"><div class=\"fusion-column-wrapper fusion-column-has-shadow fusion-flex-justify-content-center fusion-content-layout-column\"><div class=\"fusion-image-element \" style=\"text-align:center;--awb-max-width:550px;--awb-caption-title-font-family:var(--h2_typography-font-family);--awb-caption-title-font-weight:var(--h2_typography-font-weight);--awb-caption-title-font-style:var(--h2_typography-font-style);--awb-caption-title-size:var(--h2_typography-font-size);--awb-caption-title-transform:var(--h2_typography-text-transform);--awb-caption-title-line-height:var(--h2_typography-line-height);--awb-caption-title-letter-spacing:var(--h2_typography-letter-spacing);\"><span class=\" fusion-imageframe imageframe-none imageframe-1 hover-type-none\"><img decoding=\"async\" width=\"800\" height=\"800\" alt=\"Menus - Bistro du Pinacle - Fine local cuisine in the heart of the region of Coaticook - Megarbane Group\" title=\"Repas-Bistro-pinacle-Megarbane\" src=\"https:\/\/grpmegarbane.com\/wp-content\/uploads\/2022\/09\/Repas-Bistro-pinacle-Megarbane.gif\" class=\"img-responsive wp-image-395\"\/><\/span><\/div><\/div><\/div><\/div><\/div><div class=\"fusion-fullwidth fullwidth-box fusion-builder-row-2 fusion-flex-container has-pattern-background has-mask-background nonhundred-percent-fullwidth non-hundred-percent-height-scrolling\" style=\"--awb-border-radius-top-left:0px;--awb-border-radius-top-right:0px;--awb-border-radius-bottom-right:0px;--awb-border-radius-bottom-left:0px;--awb-flex-wrap:wrap;\" ><div class=\"fusion-builder-row fusion-row fusion-flex-align-items-flex-start fusion-flex-content-wrap\" style=\"max-width:1696px;margin-left: calc(-6% \/ 2 );margin-right: calc(-6% \/ 2 );\"><div class=\"fusion-layout-column fusion_builder_column fusion-builder-column-2 fusion_builder_column_1_2 1_2 fusion-flex-column fusion-animated\" style=\"--awb-bg-size:cover;--awb-width-large:50%;--awb-margin-top-large:0px;--awb-spacing-right-large:5.64%;--awb-margin-bottom-large:80px;--awb-spacing-left-large:5.64%;--awb-width-medium:50%;--awb-order-medium:0;--awb-spacing-right-medium:5.64%;--awb-spacing-left-medium:5.64%;--awb-width-small:100%;--awb-order-small:0;--awb-spacing-right-small:2.82%;--awb-spacing-left-small:2.82%;\" data-animationType=\"fadeInUp\" data-animationDuration=\"1.0\" data-animationOffset=\"top-into-view\"><div class=\"fusion-column-wrapper fusion-column-has-shadow fusion-flex-justify-content-flex-start fusion-content-layout-column\"><div class=\"fusion-title title fusion-title-2 fusion-sep-none fusion-title-text fusion-title-size-three\" style=\"--awb-margin-top:0px;--awb-margin-top-small:0px;\"><h3 class=\"fusion-title-heading title-heading-left\" style=\"margin:0;text-transform:none;\">\ud83c\udf38 Mother\u2019s Day Buffet<\/h3><\/div><div class=\"fusion-text fusion-text-2\"><section class=\"text-token-text-primary w-full focus:outline-none &#091;--shadow-height:45px&#093; has-data-writing-block:pointer-events-none has-data-writing-block:-mt-(--shadow-height) has-data-writing-block:pt-(--shadow-height) &#091;&amp;:has(&#091;data-writing-block&#093;)&gt;*&#093;:pointer-events-auto &#091;content-visibility:auto&#093; supports-&#091;content-visibility:auto&#093;:&#091;contain-intrinsic-size:auto_100lvh&#093; R6Vx5W_threadScrollVars scroll-mb-&#091;calc(var(--scroll-root-safe-area-inset-bottom,0px)+var(--thread-response-height))&#093; scroll-mt-&#091;calc(var(--header-height)+min(200px,max(70px,20svh)))&#093;\" dir=\"auto\" data-turn-id=\"request-WEB:795794b4-3424-4b18-bc48-e09bfe7a4807-29\" data-testid=\"conversation-turn-60\" data-scroll-anchor=\"false\" data-turn=\"assistant\">\n<div class=\"text-base my-auto mx-auto pb-10 &#091;--thread-content-margin:var(--thread-content-margin-xs,calc(var(--spacing)*4))&#093; @w-sm\/main:&#091;--thread-content-margin:var(--thread-content-margin-sm,calc(var(--spacing)*6))&#093; @w-lg\/main:&#091;--thread-content-margin:var(--thread-content-margin-lg,calc(var(--spacing)*16))&#093; px-(--thread-content-margin)\">\n<div class=\"&#091;--thread-content-max-width:40rem&#093; @w-lg\/main:&#091;--thread-content-max-width:48rem&#093; mx-auto max-w-(--thread-content-max-width) flex-1 group\/turn-messages focus-visible:outline-hidden relative flex w-full min-w-0 flex-col agent-turn\">\n<div class=\"flex max-w-full flex-col gap-4 grow\">\n<div class=\"min-h-8 text-message relative flex w-full flex-col items-end gap-2 text-start break-words whitespace-normal outline-none keyboard-focused:focus-ring &#091;.text-message+&amp;&#093;:mt-1\" dir=\"auto\" tabindex=\"0\" data-message-author-role=\"assistant\" data-message-id=\"2f0c0c0d-d49d-48f6-847e-df8a22813b90\" data-message-model-slug=\"gpt-5-5\" data-turn-start-message=\"true\">\n<div class=\"flex w-full flex-col gap-1 empty:hidden\">\n<div class=\"markdown prose dark:prose-invert w-full wrap-break-word dark markdown-new-styling\">\n<p data-start=\"26\" data-end=\"221\">Celebrate Mother\u2019s Day with a warm and flavorful buffet featuring fresh seasonal salads, comforting homemade dishes, grilled specialties and delicious desserts prepared with care by our team. \ud83d\udc90\u2728<\/p>\n<p data-start=\"223\" data-end=\"312\" data-is-last-node=\"\" data-is-only-node=\"\">A perfect gathering to enjoy quality time with family in a cozy and welcoming atmosphere.<\/p>\n<\/div>\n<\/div>\n<\/div>\n<\/div>\n<div class=\"z-0 flex min-h-&#091;46px&#093; justify-start\"><\/div>\n<div class=\"mt-3 w-full empty:hidden\">\n<div class=\"text-center\"><\/div>\n<\/div>\n<\/div>\n<\/div>\n<\/section>\n<div class=\"pointer-events-none -mt-px h-px translate-y-&#091;calc(var(--scroll-root-safe-area-inset-bottom)-14*var(--spacing))&#093;\" aria-hidden=\"true\"><\/div>\n<\/div><div class=\"fusion-separator fusion-full-width-sep\" style=\"align-self: center;margin-left: auto;margin-right: auto;margin-bottom:20px;width:100%;\"><\/div><div ><a class=\"fusion-button button-flat fusion-button-default-size button-default fusion-button-default button-1 fusion-button-default-span fusion-button-default-type btn-border\" target=\"_blank\" rel=\"noopener noreferrer\" title=\"See the Evening menu - Bistro du Pinacle - Fine local cuisine in the heart of the region of Coaticook - Megarbane Group\" aria-label=\"See the Evening menu - Bistro du Pinacle - Fine local cuisine in the heart of the region of Coaticook - Megarbane Group\" href=\"https:\/\/grpmegarbane.com\/wp-content\/uploads\/2026\/05\/ChatGPT-Image-5-mai-2026-23_53_43.png\"><span class=\"fusion-button-text\">Evening menu<\/span><\/a><\/div><\/div><\/div><div class=\"fusion-layout-column fusion_builder_column fusion-builder-column-3 fusion_builder_column_1_2 1_2 fusion-flex-column fusion-animated\" style=\"--awb-bg-size:cover;--awb-width-large:50%;--awb-margin-top-large:0px;--awb-spacing-right-large:5.64%;--awb-margin-bottom-large:80px;--awb-spacing-left-large:5.64%;--awb-width-medium:50%;--awb-order-medium:0;--awb-spacing-right-medium:5.64%;--awb-spacing-left-medium:5.64%;--awb-width-small:100%;--awb-order-small:0;--awb-spacing-right-small:2.82%;--awb-spacing-left-small:2.82%;\" data-animationType=\"fadeInUp\" data-animationDuration=\"1.0\" data-animationOffset=\"top-into-view\"><div class=\"fusion-column-wrapper fusion-column-has-shadow fusion-flex-justify-content-flex-start fusion-content-layout-column\"><div class=\"fusion-title title fusion-title-3 fusion-sep-none fusion-title-text fusion-title-size-three\" style=\"--awb-margin-top:0px;--awb-margin-top-small:0px;\"><h3 class=\"fusion-title-heading title-heading-left\" style=\"margin:0;text-transform:none;\">\ud83c\udf54 The Pinacle Take Out Menu Is Coming Soon<\/h3><\/div><div class=\"fusion-text fusion-text-3\"><p>Discover our upcoming take out menu featuring homemade dishes, gourmet burgers, poutines, coffee and quick bites perfect for enjoying after a hike or a day at Lake Lyster. \u2728<\/p>\n<\/div><div class=\"fusion-separator fusion-full-width-sep\" style=\"align-self: center;margin-left: auto;margin-right: auto;margin-bottom:20px;width:100%;\"><\/div><div ><a class=\"fusion-button button-flat fusion-button-default-size button-default fusion-button-default button-2 fusion-button-default-span fusion-button-default-type btn-border\" target=\"_blank\" rel=\"noopener noreferrer\" title=\"See the Hiker&#039;s menur - Bistro du Pinacle - Fine local cuisine in the heart of the region of Coaticook - Megarbane Group\" aria-label=\"See the Hiker&#039;s menur - Bistro du Pinacle - Fine local cuisine in the heart of the region of Coaticook - Megarbane Group\" href=\"https:\/\/grpmegarbane.com\/wp-content\/uploads\/2023\/03\/Bistro-du-Pinacle-Menu-du-Jour-21.pdf\"><span class=\"fusion-button-text\">Take out menu<\/span><\/a><\/div><\/div><\/div><\/div><\/div><\/p>\n","protected":false},"excerpt":{"rendered":"","protected":false},"author":2,"featured_media":0,"parent":1679,"menu_order":0,"comment_status":"closed","ping_status":"closed","template":"template-bistro-du-pinacle.php","meta":{"_acf_changed":false,"footnotes":""},"class_list":["post-1682","page","type-page","status-publish","hentry"],"acf":[],"yoast_head":"<!-- This site is optimized with the Yoast SEO plugin v22.7 - https:\/\/yoast.com\/wordpress\/plugins\/seo\/ -->\n<title>Menus - Mr Lyster<\/title>\n<meta name=\"robots\" content=\"index, follow, max-snippet:-1, max-image-preview:large, max-video-preview:-1\" \/>\n<link rel=\"canonical\" href=\"https:\/\/grpmegarbane.com\/en\/bistro-du-pinacle\/menus\/\" \/>\n<meta property=\"og:locale\" content=\"en_US\" \/>\n<meta property=\"og:type\" content=\"article\" \/>\n<meta property=\"og:title\" content=\"Menus - Mr Lyster\" \/>\n<meta property=\"og:url\" content=\"https:\/\/grpmegarbane.com\/en\/bistro-du-pinacle\/menus\/\" \/>\n<meta property=\"og:site_name\" content=\"Mr Lyster\" \/>\n<meta property=\"article:modified_time\" content=\"2026-05-06T04:04:38+00:00\" \/>\n<meta property=\"og:image\" content=\"https:\/\/grpmegarbane.com\/wp-content\/uploads\/2023\/01\/fbk-GroupeMegarbane.png\" \/>\n\t<meta property=\"og:image:width\" content=\"1200\" \/>\n\t<meta property=\"og:image:height\" content=\"630\" \/>\n\t<meta property=\"og:image:type\" content=\"image\/png\" \/>\n<meta name=\"twitter:card\" content=\"summary_large_image\" \/>\n<meta name=\"twitter:label1\" content=\"Est. reading time\" \/>\n\t<meta name=\"twitter:data1\" content=\"2 minutes\" \/>\n<script type=\"application\/ld+json\" class=\"yoast-schema-graph\">{\"@context\":\"https:\/\/schema.org\",\"@graph\":[{\"@type\":\"WebPage\",\"@id\":\"https:\/\/grpmegarbane.com\/en\/bistro-du-pinacle\/menus\/\",\"url\":\"https:\/\/grpmegarbane.com\/en\/bistro-du-pinacle\/menus\/\",\"name\":\"Menus - Mr Lyster\",\"isPartOf\":{\"@id\":\"https:\/\/grpmegarbane.com\/#website\"},\"datePublished\":\"2022-09-26T14:22:19+00:00\",\"dateModified\":\"2026-05-06T04:04:38+00:00\",\"breadcrumb\":{\"@id\":\"https:\/\/grpmegarbane.com\/en\/bistro-du-pinacle\/menus\/#breadcrumb\"},\"inLanguage\":\"en-US\",\"potentialAction\":[{\"@type\":\"ReadAction\",\"target\":[\"https:\/\/grpmegarbane.com\/en\/bistro-du-pinacle\/menus\/\"]}]},{\"@type\":\"BreadcrumbList\",\"@id\":\"https:\/\/grpmegarbane.com\/en\/bistro-du-pinacle\/menus\/#breadcrumb\",\"itemListElement\":[{\"@type\":\"ListItem\",\"position\":1,\"name\":\"Accueil\",\"item\":\"https:\/\/grpmegarbane.com\/en\/\"},{\"@type\":\"ListItem\",\"position\":2,\"name\":\"Bistro du Pinacle &#8211; A fine local cuisine in the heart of the Coaticook region\",\"item\":\"https:\/\/grpmegarbane.com\/en\/bistro-du-pinacle\/\"},{\"@type\":\"ListItem\",\"position\":3,\"name\":\"Menus\"}]},{\"@type\":\"WebSite\",\"@id\":\"https:\/\/grpmegarbane.com\/#website\",\"url\":\"https:\/\/grpmegarbane.com\/\",\"name\":\"Mr Lyster\",\"description\":\"Exp\u00e9riences touristiques ressour\u00e7antes \u00e0 Coaticook\",\"potentialAction\":[{\"@type\":\"SearchAction\",\"target\":{\"@type\":\"EntryPoint\",\"urlTemplate\":\"https:\/\/grpmegarbane.com\/?s={search_term_string}\"},\"query-input\":\"required name=search_term_string\"}],\"inLanguage\":\"en-US\"}]}<\/script>\n<!-- \/ Yoast SEO plugin. -->","yoast_head_json":{"title":"Menus - Mr Lyster","robots":{"index":"index","follow":"follow","max-snippet":"max-snippet:-1","max-image-preview":"max-image-preview:large","max-video-preview":"max-video-preview:-1"},"canonical":"https:\/\/grpmegarbane.com\/en\/bistro-du-pinacle\/menus\/","og_locale":"en_US","og_type":"article","og_title":"Menus - Mr Lyster","og_url":"https:\/\/grpmegarbane.com\/en\/bistro-du-pinacle\/menus\/","og_site_name":"Mr Lyster","article_modified_time":"2026-05-06T04:04:38+00:00","og_image":[{"width":1200,"height":630,"url":"https:\/\/grpmegarbane.com\/wp-content\/uploads\/2023\/01\/fbk-GroupeMegarbane.png","type":"image\/png"}],"twitter_card":"summary_large_image","twitter_misc":{"Est. reading time":"2 minutes"},"schema":{"@context":"https:\/\/schema.org","@graph":[{"@type":"WebPage","@id":"https:\/\/grpmegarbane.com\/en\/bistro-du-pinacle\/menus\/","url":"https:\/\/grpmegarbane.com\/en\/bistro-du-pinacle\/menus\/","name":"Menus - Mr Lyster","isPartOf":{"@id":"https:\/\/grpmegarbane.com\/#website"},"datePublished":"2022-09-26T14:22:19+00:00","dateModified":"2026-05-06T04:04:38+00:00","breadcrumb":{"@id":"https:\/\/grpmegarbane.com\/en\/bistro-du-pinacle\/menus\/#breadcrumb"},"inLanguage":"en-US","potentialAction":[{"@type":"ReadAction","target":["https:\/\/grpmegarbane.com\/en\/bistro-du-pinacle\/menus\/"]}]},{"@type":"BreadcrumbList","@id":"https:\/\/grpmegarbane.com\/en\/bistro-du-pinacle\/menus\/#breadcrumb","itemListElement":[{"@type":"ListItem","position":1,"name":"Accueil","item":"https:\/\/grpmegarbane.com\/en\/"},{"@type":"ListItem","position":2,"name":"Bistro du Pinacle &#8211; A fine local cuisine in the heart of the Coaticook region","item":"https:\/\/grpmegarbane.com\/en\/bistro-du-pinacle\/"},{"@type":"ListItem","position":3,"name":"Menus"}]},{"@type":"WebSite","@id":"https:\/\/grpmegarbane.com\/#website","url":"https:\/\/grpmegarbane.com\/","name":"Mr Lyster","description":"Exp\u00e9riences touristiques ressour\u00e7antes \u00e0 Coaticook","potentialAction":[{"@type":"SearchAction","target":{"@type":"EntryPoint","urlTemplate":"https:\/\/grpmegarbane.com\/?s={search_term_string}"},"query-input":"required name=search_term_string"}],"inLanguage":"en-US"}]}},"jetpack_sharing_enabled":true,"_links":{"self":[{"href":"https:\/\/grpmegarbane.com\/en\/wp-json\/wp\/v2\/pages\/1682","targetHints":{"allow":["GET"]}}],"collection":[{"href":"https:\/\/grpmegarbane.com\/en\/wp-json\/wp\/v2\/pages"}],"about":[{"href":"https:\/\/grpmegarbane.com\/en\/wp-json\/wp\/v2\/types\/page"}],"author":[{"embeddable":true,"href":"https:\/\/grpmegarbane.com\/en\/wp-json\/wp\/v2\/users\/2"}],"replies":[{"embeddable":true,"href":"https:\/\/grpmegarbane.com\/en\/wp-json\/wp\/v2\/comments?post=1682"}],"version-history":[{"count":8,"href":"https:\/\/grpmegarbane.com\/en\/wp-json\/wp\/v2\/pages\/1682\/revisions"}],"predecessor-version":[{"id":2184,"href":"https:\/\/grpmegarbane.com\/en\/wp-json\/wp\/v2\/pages\/1682\/revisions\/2184"}],"up":[{"embeddable":true,"href":"https:\/\/grpmegarbane.com\/en\/wp-json\/wp\/v2\/pages\/1679"}],"wp:attachment":[{"href":"https:\/\/grpmegarbane.com\/en\/wp-json\/wp\/v2\/media?parent=1682"}],"curies":[{"name":"wp","href":"https:\/\/api.w.org\/{rel}","templated":true}]}}