{"id":1684,"date":"2022-09-26T10:22:42","date_gmt":"2022-09-26T14:22:42","guid":{"rendered":"https:\/\/grpmegarbane.com\/bistro-du-pinacle\/vins-cocktails\/"},"modified":"2023-03-22T19:29:40","modified_gmt":"2023-03-22T23:29:40","slug":"wines-cocktails","status":"publish","type":"page","link":"https:\/\/grpmegarbane.com\/en\/bistro-du-pinacle\/wines-cocktails\/","title":{"rendered":"Wines &#038; cocktails"},"content":{"rendered":"<div class=\"fusion-fullwidth fullwidth-box fusion-builder-row-1 fusion-flex-container has-pattern-background has-mask-background nonhundred-percent-fullwidth non-hundred-percent-height-scrolling\" style=\"--awb-border-radius-top-left:0px;--awb-border-radius-top-right:0px;--awb-border-radius-bottom-right:0px;--awb-border-radius-bottom-left:0px;--awb-flex-wrap:wrap;\" ><div class=\"fusion-builder-row fusion-row fusion-flex-align-items-flex-start fusion-flex-content-wrap\" style=\"max-width:1696px;margin-left: calc(-6% \/ 2 );margin-right: calc(-6% \/ 2 );\"><div class=\"fusion-layout-column fusion_builder_column fusion-builder-column-0 fusion_builder_column_1_2 1_2 fusion-flex-column fusion-flex-align-self-stretch fusion-animated\" style=\"--awb-bg-size:cover;--awb-width-large:50%;--awb-margin-top-large:0px;--awb-spacing-right-large:5.64%;--awb-margin-bottom-large:80px;--awb-spacing-left-large:5.64%;--awb-width-medium:50%;--awb-order-medium:0;--awb-spacing-right-medium:5.64%;--awb-spacing-left-medium:5.64%;--awb-width-small:100%;--awb-order-small:0;--awb-spacing-right-small:2.82%;--awb-spacing-left-small:2.82%;\" data-animationType=\"fadeInUp\" data-animationDuration=\"1.0\" data-animationOffset=\"top-into-view\"><div class=\"fusion-column-wrapper fusion-column-has-shadow fusion-flex-justify-content-center fusion-content-layout-column\"><div class=\"fusion-title title fusion-title-1 fusion-sep-none fusion-title-text fusion-title-size-two script\" style=\"--awb-margin-top:0px;--awb-margin-top-small:0px;\"><h2 class=\"fusion-title-heading title-heading-left\" style=\"margin:0;text-transform:none;\">Come have a drink at the bistro<\/h2><\/div><div class=\"fusion-text fusion-text-1\"><p>We have put in place a wine list consistent with our menus, offering wines from different horizons in order to enjoy a wide variety of grape varieties and wine regions. In addition, since this year, you will be able to find our beers on tap, mostly from the <a href=\"https:\/\/microbrasseriecoaticook.ca\/\" target=\"_blank\" rel=\"noopener\">Coaticook Microbrewery<\/a> and the <a href=\"https:\/\/hopstation.net\/\" target=\"_blank\" rel=\"noopener\">Hop Station Microbrewery<\/a>, also in Coaticook.<\/p>\n<p>Finally, we have put in place a cocktail menu with many inspirations from different horizons in order to offer a variety of drinks for everyone and at all times, by offering both classic and unique cocktails.<\/p>\n<\/div><div class=\"fusion-separator fusion-full-width-sep\" style=\"align-self: center;margin-left: auto;margin-right: auto;margin-bottom:20px;width:100%;\"><\/div><div ><a class=\"fusion-button button-flat fusion-button-default-size button-default fusion-button-default button-1 fusion-button-default-span fusion-button-default-type btn-border\" target=\"_self\" title=\"See the wine and cocktail menu - Bistro du Pinacle - Fine local cuisine in the heart of the region of Coaticook - Megarbane Group\" aria-label=\"See the wine and cocktail menu - Bistro du Pinacle - Fine local cuisine in the heart of the region of Coaticook - Megarbane Group\" href=\"#\"><span class=\"fusion-button-text\">Wine &amp; cocktail menu<\/span><\/a><\/div><\/div><\/div><div class=\"fusion-layout-column fusion_builder_column fusion-builder-column-1 fusion_builder_column_1_2 1_2 fusion-flex-column fusion-flex-align-self-stretch fusion-animated\" style=\"--awb-bg-size:cover;--awb-width-large:50%;--awb-margin-top-large:0px;--awb-spacing-right-large:5.64%;--awb-margin-bottom-large:80px;--awb-spacing-left-large:5.64%;--awb-width-medium:50%;--awb-order-medium:0;--awb-spacing-right-medium:5.64%;--awb-spacing-left-medium:5.64%;--awb-width-small:100%;--awb-order-small:0;--awb-spacing-right-small:2.82%;--awb-spacing-left-small:2.82%;\" data-animationType=\"slideInRight\" data-animationDuration=\"1.5\" data-animationOffset=\"top-into-view\"><div class=\"fusion-column-wrapper fusion-column-has-shadow fusion-flex-justify-content-center fusion-content-layout-column\"><div class=\"fusion-image-element \" style=\"text-align:center;--awb-max-width:550px;--awb-caption-title-font-family:var(--h2_typography-font-family);--awb-caption-title-font-weight:var(--h2_typography-font-weight);--awb-caption-title-font-style:var(--h2_typography-font-style);--awb-caption-title-size:var(--h2_typography-font-size);--awb-caption-title-transform:var(--h2_typography-text-transform);--awb-caption-title-line-height:var(--h2_typography-line-height);--awb-caption-title-letter-spacing:var(--h2_typography-letter-spacing);\"><span class=\" fusion-imageframe imageframe-none imageframe-1 hover-type-none\"><img decoding=\"async\" width=\"800\" height=\"800\" alt=\"Wine and cocktail menu - Bistro du Pinacle - Fine local cuisine in the heart of the region of Coaticook - Megarbane Group\" title=\"Boissons-Bistro-pinacle-Megarbane\" src=\"https:\/\/grpmegarbane.com\/wp-content\/uploads\/2022\/09\/Boissons-Bistro-pinacle-Megarbane.gif\" class=\"img-responsive wp-image-392\"\/><\/span><\/div><\/div><\/div><\/div><\/div>\n","protected":false},"excerpt":{"rendered":"","protected":false},"author":2,"featured_media":0,"parent":1679,"menu_order":0,"comment_status":"closed","ping_status":"closed","template":"template-bistro-du-pinacle.php","meta":{"_acf_changed":false,"footnotes":""},"class_list":["post-1684","page","type-page","status-publish","hentry"],"acf":[],"yoast_head":"<!-- This site is optimized with the Yoast SEO plugin v22.7 - https:\/\/yoast.com\/wordpress\/plugins\/seo\/ -->\n<title>Wines &amp; cocktails - Mr Lyster<\/title>\n<meta name=\"robots\" content=\"index, follow, max-snippet:-1, max-image-preview:large, max-video-preview:-1\" \/>\n<link rel=\"canonical\" href=\"https:\/\/grpmegarbane.com\/en\/bistro-du-pinacle\/wines-cocktails\/\" \/>\n<meta property=\"og:locale\" content=\"en_US\" \/>\n<meta property=\"og:type\" content=\"article\" \/>\n<meta property=\"og:title\" content=\"Wines &amp; cocktails - Mr Lyster\" \/>\n<meta property=\"og:url\" content=\"https:\/\/grpmegarbane.com\/en\/bistro-du-pinacle\/wines-cocktails\/\" \/>\n<meta property=\"og:site_name\" content=\"Mr Lyster\" \/>\n<meta property=\"article:modified_time\" content=\"2023-03-22T23:29:40+00:00\" \/>\n<meta property=\"og:image\" content=\"https:\/\/grpmegarbane.com\/wp-content\/uploads\/2023\/01\/fbk-GroupeMegarbane.png\" \/>\n\t<meta property=\"og:image:width\" content=\"1200\" \/>\n\t<meta property=\"og:image:height\" content=\"630\" \/>\n\t<meta property=\"og:image:type\" content=\"image\/png\" \/>\n<meta name=\"twitter:card\" content=\"summary_large_image\" \/>\n<meta name=\"twitter:label1\" content=\"Est. reading time\" \/>\n\t<meta name=\"twitter:data1\" content=\"5 minutes\" \/>\n<script type=\"application\/ld+json\" class=\"yoast-schema-graph\">{\"@context\":\"https:\/\/schema.org\",\"@graph\":[{\"@type\":\"WebPage\",\"@id\":\"https:\/\/grpmegarbane.com\/en\/bistro-du-pinacle\/wines-cocktails\/\",\"url\":\"https:\/\/grpmegarbane.com\/en\/bistro-du-pinacle\/wines-cocktails\/\",\"name\":\"Wines & cocktails - Mr Lyster\",\"isPartOf\":{\"@id\":\"https:\/\/grpmegarbane.com\/#website\"},\"datePublished\":\"2022-09-26T14:22:42+00:00\",\"dateModified\":\"2023-03-22T23:29:40+00:00\",\"breadcrumb\":{\"@id\":\"https:\/\/grpmegarbane.com\/en\/bistro-du-pinacle\/wines-cocktails\/#breadcrumb\"},\"inLanguage\":\"en-US\",\"potentialAction\":[{\"@type\":\"ReadAction\",\"target\":[\"https:\/\/grpmegarbane.com\/en\/bistro-du-pinacle\/wines-cocktails\/\"]}]},{\"@type\":\"BreadcrumbList\",\"@id\":\"https:\/\/grpmegarbane.com\/en\/bistro-du-pinacle\/wines-cocktails\/#breadcrumb\",\"itemListElement\":[{\"@type\":\"ListItem\",\"position\":1,\"name\":\"Accueil\",\"item\":\"https:\/\/grpmegarbane.com\/en\/\"},{\"@type\":\"ListItem\",\"position\":2,\"name\":\"Bistro du Pinacle &#8211; A fine local cuisine in the heart of the Coaticook region\",\"item\":\"https:\/\/grpmegarbane.com\/en\/bistro-du-pinacle\/\"},{\"@type\":\"ListItem\",\"position\":3,\"name\":\"Wines &#038; cocktails\"}]},{\"@type\":\"WebSite\",\"@id\":\"https:\/\/grpmegarbane.com\/#website\",\"url\":\"https:\/\/grpmegarbane.com\/\",\"name\":\"Mr Lyster\",\"description\":\"Exp\u00e9riences touristiques ressour\u00e7antes \u00e0 Coaticook\",\"potentialAction\":[{\"@type\":\"SearchAction\",\"target\":{\"@type\":\"EntryPoint\",\"urlTemplate\":\"https:\/\/grpmegarbane.com\/?s={search_term_string}\"},\"query-input\":\"required name=search_term_string\"}],\"inLanguage\":\"en-US\"}]}<\/script>\n<!-- \/ Yoast SEO plugin. -->","yoast_head_json":{"title":"Wines & cocktails - Mr Lyster","robots":{"index":"index","follow":"follow","max-snippet":"max-snippet:-1","max-image-preview":"max-image-preview:large","max-video-preview":"max-video-preview:-1"},"canonical":"https:\/\/grpmegarbane.com\/en\/bistro-du-pinacle\/wines-cocktails\/","og_locale":"en_US","og_type":"article","og_title":"Wines & cocktails - Mr Lyster","og_url":"https:\/\/grpmegarbane.com\/en\/bistro-du-pinacle\/wines-cocktails\/","og_site_name":"Mr Lyster","article_modified_time":"2023-03-22T23:29:40+00:00","og_image":[{"width":1200,"height":630,"url":"https:\/\/grpmegarbane.com\/wp-content\/uploads\/2023\/01\/fbk-GroupeMegarbane.png","type":"image\/png"}],"twitter_card":"summary_large_image","twitter_misc":{"Est. reading time":"5 minutes"},"schema":{"@context":"https:\/\/schema.org","@graph":[{"@type":"WebPage","@id":"https:\/\/grpmegarbane.com\/en\/bistro-du-pinacle\/wines-cocktails\/","url":"https:\/\/grpmegarbane.com\/en\/bistro-du-pinacle\/wines-cocktails\/","name":"Wines & cocktails - Mr Lyster","isPartOf":{"@id":"https:\/\/grpmegarbane.com\/#website"},"datePublished":"2022-09-26T14:22:42+00:00","dateModified":"2023-03-22T23:29:40+00:00","breadcrumb":{"@id":"https:\/\/grpmegarbane.com\/en\/bistro-du-pinacle\/wines-cocktails\/#breadcrumb"},"inLanguage":"en-US","potentialAction":[{"@type":"ReadAction","target":["https:\/\/grpmegarbane.com\/en\/bistro-du-pinacle\/wines-cocktails\/"]}]},{"@type":"BreadcrumbList","@id":"https:\/\/grpmegarbane.com\/en\/bistro-du-pinacle\/wines-cocktails\/#breadcrumb","itemListElement":[{"@type":"ListItem","position":1,"name":"Accueil","item":"https:\/\/grpmegarbane.com\/en\/"},{"@type":"ListItem","position":2,"name":"Bistro du Pinacle &#8211; A fine local cuisine in the heart of the Coaticook region","item":"https:\/\/grpmegarbane.com\/en\/bistro-du-pinacle\/"},{"@type":"ListItem","position":3,"name":"Wines &#038; cocktails"}]},{"@type":"WebSite","@id":"https:\/\/grpmegarbane.com\/#website","url":"https:\/\/grpmegarbane.com\/","name":"Mr Lyster","description":"Exp\u00e9riences touristiques ressour\u00e7antes \u00e0 Coaticook","potentialAction":[{"@type":"SearchAction","target":{"@type":"EntryPoint","urlTemplate":"https:\/\/grpmegarbane.com\/?s={search_term_string}"},"query-input":"required name=search_term_string"}],"inLanguage":"en-US"}]}},"jetpack_sharing_enabled":true,"_links":{"self":[{"href":"https:\/\/grpmegarbane.com\/en\/wp-json\/wp\/v2\/pages\/1684","targetHints":{"allow":["GET"]}}],"collection":[{"href":"https:\/\/grpmegarbane.com\/en\/wp-json\/wp\/v2\/pages"}],"about":[{"href":"https:\/\/grpmegarbane.com\/en\/wp-json\/wp\/v2\/types\/page"}],"author":[{"embeddable":true,"href":"https:\/\/grpmegarbane.com\/en\/wp-json\/wp\/v2\/users\/2"}],"replies":[{"embeddable":true,"href":"https:\/\/grpmegarbane.com\/en\/wp-json\/wp\/v2\/comments?post=1684"}],"version-history":[{"count":4,"href":"https:\/\/grpmegarbane.com\/en\/wp-json\/wp\/v2\/pages\/1684\/revisions"}],"predecessor-version":[{"id":1804,"href":"https:\/\/grpmegarbane.com\/en\/wp-json\/wp\/v2\/pages\/1684\/revisions\/1804"}],"up":[{"embeddable":true,"href":"https:\/\/grpmegarbane.com\/en\/wp-json\/wp\/v2\/pages\/1679"}],"wp:attachment":[{"href":"https:\/\/grpmegarbane.com\/en\/wp-json\/wp\/v2\/media?parent=1684"}],"curies":[{"name":"wp","href":"https:\/\/api.w.org\/{rel}","templated":true}]}}