{"id":1687,"date":"2023-01-16T09:08:07","date_gmt":"2023-01-16T14:08:07","guid":{"rendered":"https:\/\/grpmegarbane.com\/bistro-du-pinacle\/traiteur\/"},"modified":"2026-05-05T23:48:29","modified_gmt":"2026-05-06T03:48:29","slug":"catering","status":"publish","type":"page","link":"https:\/\/grpmegarbane.com\/en\/bistro-du-pinacle\/catering\/","title":{"rendered":"Catering"},"content":{"rendered":"<div class=\"fusion-fullwidth fullwidth-box fusion-builder-row-1 fusion-flex-container has-pattern-background has-mask-background nonhundred-percent-fullwidth non-hundred-percent-height-scrolling\" style=\"--awb-border-radius-top-left:0px;--awb-border-radius-top-right:0px;--awb-border-radius-bottom-right:0px;--awb-border-radius-bottom-left:0px;--awb-flex-wrap:wrap;\" ><div class=\"fusion-builder-row fusion-row fusion-flex-align-items-flex-start fusion-flex-content-wrap\" style=\"max-width:1696px;margin-left: calc(-6% \/ 2 );margin-right: calc(-6% \/ 2 );\"><div class=\"fusion-layout-column fusion_builder_column fusion-builder-column-0 fusion_builder_column_1_1 1_1 fusion-flex-column max-width fusion-animated\" style=\"--awb-bg-size:cover;--awb-width-large:100%;--awb-margin-top-large:0px;--awb-spacing-right-large:2.82%;--awb-margin-bottom-large:40px;--awb-spacing-left-large:2.82%;--awb-width-medium:100%;--awb-order-medium:0;--awb-spacing-right-medium:2.82%;--awb-spacing-left-medium:2.82%;--awb-width-small:100%;--awb-order-small:0;--awb-spacing-right-small:2.82%;--awb-spacing-left-small:2.82%;\" data-animationType=\"fadeInUp\" data-animationDuration=\"1.0\" data-animationOffset=\"top-into-view\"><div class=\"fusion-column-wrapper fusion-column-has-shadow fusion-flex-justify-content-flex-start fusion-content-layout-column\"><div class=\"fusion-title title fusion-title-1 fusion-title-center fusion-title-text fusion-title-size-two uppercase style-h1\" style=\"--awb-margin-top:0px;--awb-margin-top-small:0px;\"><div class=\"title-sep-container title-sep-container-left\"><div class=\"title-sep sep-single sep-solid\" style=\"border-color:var(--awb-color3);\"><\/div><\/div><span class=\"awb-title-spacer\"><\/span><h2 class=\"fusion-title-heading title-heading-center\" style=\"margin:0;text-transform:none;\">Catering Menu<\/h2><span class=\"awb-title-spacer\"><\/span><div class=\"title-sep-container title-sep-container-right\"><div class=\"title-sep sep-single sep-solid\" style=\"border-color:var(--awb-color3);\"><\/div><\/div><\/div><div class=\"fusion-text fusion-text-1\" style=\"--awb-content-alignment:center;\"><p data-start=\"46\" data-end=\"232\">Whether it\u2019s for a birthday, business meeting, private event, tour group or gathering with friends, Le Bistro du Pinacle can create customized menus tailored to your needs and budget. \ud83c\udf74<\/p>\n<p data-start=\"234\" data-end=\"401\">Our team offers a variety of options featuring local products, homemade dishes and a warm, welcoming cuisine inspired by the flavors of Qu\u00e9bec, France and the Islands.<\/p>\n<p data-start=\"403\" data-end=\"487\">Contact us to create a personalized menu adapted to your group, occasion and budget.<\/p>\n<\/div><\/div><\/div><div class=\"fusion-layout-column fusion_builder_column fusion-builder-column-1 fusion_builder_column_1_3 1_3 fusion-flex-column fusion-animated\" style=\"--awb-bg-size:cover;--awb-width-large:33.333333333333%;--awb-margin-top-large:0px;--awb-spacing-right-large:8.46%;--awb-margin-bottom-large:40px;--awb-spacing-left-large:8.46%;--awb-width-medium:33.333333333333%;--awb-order-medium:0;--awb-spacing-right-medium:8.46%;--awb-spacing-left-medium:8.46%;--awb-width-small:100%;--awb-order-small:0;--awb-spacing-right-small:2.82%;--awb-spacing-left-small:2.82%;\" data-animationType=\"fadeInRight\" data-animationDuration=\"0.3\" data-animationOffset=\"top-into-view\"><div class=\"fusion-column-wrapper fusion-column-has-shadow fusion-flex-justify-content-flex-start fusion-content-layout-column\"><div class=\"fusion-title title fusion-title-2 fusion-sep-none fusion-title-text fusion-title-size-three script\" style=\"--awb-margin-top:0px;--awb-margin-top-small:0px;\"><h3 class=\"fusion-title-heading title-heading-left\" style=\"margin:0;text-transform:none;\">\u2600\ufe0f Mediterranean Summer Menu<\/h3><\/div><div class=\"fusion-text fusion-text-2\"><p data-start=\"32\" data-end=\"214\">A fresh and colorful menu inspired by Mediterranean and Lebanese flavors, featuring homemade dishes, crisp vegetables, grilled specialties and refreshing seasonal ingredients. \ud83e\udd57\ud83c\udf4b\ud83d\udd25<\/p>\n<p data-start=\"216\" data-end=\"307\" data-is-last-node=\"\" data-is-only-node=\"\">Perfect for group dinners, private events and warm summer evenings at Le Bistro du Pinacle.<\/p>\n<\/div><div class=\"fusion-image-element \" style=\"--awb-caption-title-font-family:var(--h2_typography-font-family);--awb-caption-title-font-weight:var(--h2_typography-font-weight);--awb-caption-title-font-style:var(--h2_typography-font-style);--awb-caption-title-size:var(--h2_typography-font-size);--awb-caption-title-transform:var(--h2_typography-text-transform);--awb-caption-title-line-height:var(--h2_typography-line-height);--awb-caption-title-letter-spacing:var(--h2_typography-letter-spacing);\"><span class=\" fusion-imageframe imageframe-none imageframe-1 hover-type-none\"><img decoding=\"async\" width=\"200\" height=\"300\" title=\"ChatGPT Image 5 mai 2026, 23_36_15\" src=\"https:\/\/grpmegarbane.com\/wp-content\/uploads\/2026\/05\/ChatGPT-Image-5-mai-2026-23_36_15-200x300.png\" alt class=\"img-responsive wp-image-2164\" srcset=\"https:\/\/grpmegarbane.com\/wp-content\/uploads\/2026\/05\/ChatGPT-Image-5-mai-2026-23_36_15-200x300.png 200w, https:\/\/grpmegarbane.com\/wp-content\/uploads\/2026\/05\/ChatGPT-Image-5-mai-2026-23_36_15-400x600.png 400w, https:\/\/grpmegarbane.com\/wp-content\/uploads\/2026\/05\/ChatGPT-Image-5-mai-2026-23_36_15-600x900.png 600w, https:\/\/grpmegarbane.com\/wp-content\/uploads\/2026\/05\/ChatGPT-Image-5-mai-2026-23_36_15-800x1200.png 800w, https:\/\/grpmegarbane.com\/wp-content\/uploads\/2026\/05\/ChatGPT-Image-5-mai-2026-23_36_15.png 1024w\" sizes=\"(max-width: 680px) 100vw, 600px\" \/><\/span><\/div><\/div><\/div><div class=\"fusion-layout-column fusion_builder_column fusion-builder-column-2 fusion_builder_column_1_3 1_3 fusion-flex-column fusion-animated\" style=\"--awb-bg-size:cover;--awb-width-large:33.333333333333%;--awb-margin-top-large:0px;--awb-spacing-right-large:8.46%;--awb-margin-bottom-large:40px;--awb-spacing-left-large:8.46%;--awb-width-medium:33.333333333333%;--awb-order-medium:0;--awb-spacing-right-medium:8.46%;--awb-spacing-left-medium:8.46%;--awb-width-small:100%;--awb-order-small:0;--awb-spacing-right-small:2.82%;--awb-spacing-left-small:2.82%;\" data-animationType=\"fadeInRight\" data-animationDuration=\"0.6\" data-animationOffset=\"top-into-view\"><div class=\"fusion-column-wrapper fusion-column-has-shadow fusion-flex-justify-content-flex-start fusion-content-layout-column\"><div class=\"fusion-title title fusion-title-3 fusion-sep-none fusion-title-text fusion-title-size-three script\" style=\"--awb-margin-top:0px;--awb-margin-top-small:0px;\"><h3 class=\"fusion-title-heading title-heading-left\" style=\"margin:0;text-transform:none;\">\ud83c\udf3d Rustic Summer Buffet<\/h3><\/div><div class=\"fusion-text fusion-text-3\"><div class=\"text-base my-auto mx-auto &#091;--thread-content-margin:var(--thread-content-margin-xs,calc(var(--spacing)*4))&#093; @w-sm\/main:&#091;--thread-content-margin:var(--thread-content-margin-sm,calc(var(--spacing)*6))&#093; @w-lg\/main:&#091;--thread-content-margin:var(--thread-content-margin-lg,calc(var(--spacing)*16))&#093; px-(--thread-content-margin)\">\n<div class=\"&#091;--thread-content-max-width:40rem&#093; @w-lg\/main:&#091;--thread-content-max-width:48rem&#093; mx-auto max-w-(--thread-content-max-width) flex-1 group\/turn-messages focus-visible:outline-hidden relative flex w-full min-w-0 flex-col agent-turn\">\n<div class=\"flex max-w-full flex-col gap-4 grow\">\n<div class=\"min-h-8 text-message relative flex w-full flex-col items-end gap-2 text-start break-words whitespace-normal outline-none keyboard-focused:focus-ring &#091;.text-message+&amp;&#093;:mt-1\" dir=\"auto\" data-message-author-role=\"assistant\" data-message-id=\"07e0048f-8427-4165-abd3-e7b57f0cd426\" data-message-model-slug=\"gpt-5-5\">\n<div class=\"flex w-full flex-col gap-1 empty:hidden\">\n<div class=\"markdown prose dark:prose-invert w-full wrap-break-word dark markdown-new-styling\">\n<p data-start=\"27\" data-end=\"247\" data-is-last-node=\"\" data-is-only-node=\"\">A warm and flavorful buffet inspired by local countryside traditions, featuring fresh seasonal salads, grilled specialties, roasted vegetables and comforting homemade dishes served in a friendly summer atmosphere. \u2600\ufe0f\ud83d\udd25\ud83e\udd57<\/p>\n<\/div>\n<\/div>\n<\/div>\n<\/div>\n<div class=\"z-0 flex min-h-&#091;46px&#093; justify-start\"><\/div>\n<\/div>\n<\/div>\n<\/div><div class=\"fusion-image-element \" style=\"--awb-caption-title-font-family:var(--h2_typography-font-family);--awb-caption-title-font-weight:var(--h2_typography-font-weight);--awb-caption-title-font-style:var(--h2_typography-font-style);--awb-caption-title-size:var(--h2_typography-font-size);--awb-caption-title-transform:var(--h2_typography-text-transform);--awb-caption-title-line-height:var(--h2_typography-line-height);--awb-caption-title-letter-spacing:var(--h2_typography-letter-spacing);\"><span class=\" fusion-imageframe imageframe-none imageframe-2 hover-type-none\"><img decoding=\"async\" width=\"200\" height=\"300\" title=\"ChatGPT Image 5 mai 2026, 23_39_04\" src=\"https:\/\/grpmegarbane.com\/wp-content\/uploads\/2026\/05\/ChatGPT-Image-5-mai-2026-23_39_04-200x300.png\" alt class=\"img-responsive wp-image-2168\" srcset=\"https:\/\/grpmegarbane.com\/wp-content\/uploads\/2026\/05\/ChatGPT-Image-5-mai-2026-23_39_04-200x300.png 200w, https:\/\/grpmegarbane.com\/wp-content\/uploads\/2026\/05\/ChatGPT-Image-5-mai-2026-23_39_04-400x600.png 400w, https:\/\/grpmegarbane.com\/wp-content\/uploads\/2026\/05\/ChatGPT-Image-5-mai-2026-23_39_04-600x900.png 600w, https:\/\/grpmegarbane.com\/wp-content\/uploads\/2026\/05\/ChatGPT-Image-5-mai-2026-23_39_04-800x1200.png 800w, https:\/\/grpmegarbane.com\/wp-content\/uploads\/2026\/05\/ChatGPT-Image-5-mai-2026-23_39_04.png 1024w\" sizes=\"(max-width: 680px) 100vw, 600px\" \/><\/span><\/div><\/div><\/div><div class=\"fusion-layout-column fusion_builder_column fusion-builder-column-3 fusion_builder_column_1_3 1_3 fusion-flex-column fusion-animated\" style=\"--awb-bg-size:cover;--awb-width-large:33.333333333333%;--awb-margin-top-large:0px;--awb-spacing-right-large:8.46%;--awb-margin-bottom-large:40px;--awb-spacing-left-large:8.46%;--awb-width-medium:33.333333333333%;--awb-order-medium:0;--awb-spacing-right-medium:8.46%;--awb-spacing-left-medium:8.46%;--awb-width-small:100%;--awb-order-small:0;--awb-spacing-right-small:2.82%;--awb-spacing-left-small:2.82%;\" data-animationType=\"fadeInRight\" data-animationDuration=\"1.0\" data-animationOffset=\"top-into-view\"><div class=\"fusion-column-wrapper fusion-column-has-shadow fusion-flex-justify-content-flex-start fusion-content-layout-column\"><div class=\"fusion-title title fusion-title-4 fusion-sep-none fusion-title-text fusion-title-size-three script\" style=\"--awb-margin-top:0px;--awb-margin-top-small:0px;\"><h3 class=\"fusion-title-heading title-heading-left\" style=\"margin:0;text-transform:none;\">Gourmet Catering Menu<\/h3><\/div><div class=\"fusion-text fusion-text-4\"><p data-start=\"28\" data-end=\"170\">Refined starters, flavorful main courses and decadent homemade desserts carefully prepared to create a warm and memorable dining experience. \u2728<\/p>\n<p data-start=\"172\" data-end=\"315\" data-is-last-node=\"\" data-is-only-node=\"\">Perfect for weddings, corporate events, private receptions and special gatherings, with customizable formulas adapted to your needs and budget.<\/p>\n<\/div><div class=\"fusion-image-element \" style=\"--awb-caption-title-font-family:var(--h2_typography-font-family);--awb-caption-title-font-weight:var(--h2_typography-font-weight);--awb-caption-title-font-style:var(--h2_typography-font-style);--awb-caption-title-size:var(--h2_typography-font-size);--awb-caption-title-transform:var(--h2_typography-text-transform);--awb-caption-title-line-height:var(--h2_typography-line-height);--awb-caption-title-letter-spacing:var(--h2_typography-letter-spacing);\"><span class=\" fusion-imageframe imageframe-none imageframe-3 hover-type-none\"><img decoding=\"async\" width=\"177\" height=\"300\" title=\"ChatGPT Image 5 mai 2026, 23_42_13\" src=\"https:\/\/grpmegarbane.com\/wp-content\/uploads\/2026\/05\/ChatGPT-Image-5-mai-2026-23_42_13-177x300.png\" alt class=\"img-responsive wp-image-2170\" srcset=\"https:\/\/grpmegarbane.com\/wp-content\/uploads\/2026\/05\/ChatGPT-Image-5-mai-2026-23_42_13-200x340.png 200w, https:\/\/grpmegarbane.com\/wp-content\/uploads\/2026\/05\/ChatGPT-Image-5-mai-2026-23_42_13-400x680.png 400w, https:\/\/grpmegarbane.com\/wp-content\/uploads\/2026\/05\/ChatGPT-Image-5-mai-2026-23_42_13-600x1020.png 600w, https:\/\/grpmegarbane.com\/wp-content\/uploads\/2026\/05\/ChatGPT-Image-5-mai-2026-23_42_13-800x1360.png 800w, https:\/\/grpmegarbane.com\/wp-content\/uploads\/2026\/05\/ChatGPT-Image-5-mai-2026-23_42_13.png 962w\" sizes=\"(max-width: 680px) 100vw, 600px\" \/><\/span><\/div><\/div><\/div><div class=\"fusion-layout-column fusion_builder_column fusion-builder-column-4 fusion_builder_column_1_3 1_3 fusion-flex-column fusion-animated\" style=\"--awb-bg-size:cover;--awb-width-large:33.333333333333%;--awb-margin-top-large:0px;--awb-spacing-right-large:8.46%;--awb-margin-bottom-large:40px;--awb-spacing-left-large:8.46%;--awb-width-medium:33.333333333333%;--awb-order-medium:0;--awb-spacing-right-medium:8.46%;--awb-spacing-left-medium:8.46%;--awb-width-small:100%;--awb-order-small:0;--awb-spacing-right-small:2.82%;--awb-spacing-left-small:2.82%;\" data-animationType=\"fadeInRight\" data-animationDuration=\"1.0\" data-animationOffset=\"top-into-view\"><div class=\"fusion-column-wrapper fusion-column-has-shadow fusion-flex-justify-content-flex-start fusion-content-layout-column\"><div class=\"fusion-title title fusion-title-5 fusion-sep-none fusion-title-text fusion-title-size-three script\" style=\"--awb-margin-top:0px;--awb-margin-top-small:0px;\"><h3 class=\"fusion-title-heading title-heading-left\" style=\"margin:0;text-transform:none;\">\u2728 Catering Collection<\/h3><\/div><div class=\"fusion-text fusion-text-5\"><p data-start=\"38\" data-end=\"158\">Starters, flavorful main courses, homemade desserts and customized catering formulas designed for every type of event. \u2728<\/p>\n<p data-start=\"160\" data-end=\"329\">Whether for weddings, corporate events, private receptions or group gatherings, our team creates delicious homemade menus tailored to your needs, preferences and budget.<\/p>\n<p data-start=\"331\" data-end=\"380\" data-is-last-node=\"\" data-is-only-node=\"\">\ud83d\udcd6 Our English catering catalogue is coming soon.<\/p>\n<\/div><div ><a class=\"fusion-button button-flat fusion-button-default-size button-default fusion-button-default button-1 fusion-button-default-span fusion-button-default-type\" target=\"_self\" href=\"https:\/\/grpmegarbane.com\/wp-content\/uploads\/2026\/05\/service-traiteur-mr-lyster-5.pdf\"><span class=\"fusion-button-text\">Catering Catalogue<\/span><\/a><\/div><\/div><\/div><\/div><\/div>\n","protected":false},"excerpt":{"rendered":"","protected":false},"author":2,"featured_media":0,"parent":1679,"menu_order":0,"comment_status":"closed","ping_status":"closed","template":"template-bistro-du-pinacle.php","meta":{"_acf_changed":false,"footnotes":""},"class_list":["post-1687","page","type-page","status-publish","hentry"],"acf":[],"yoast_head":"<!-- This site is optimized with the Yoast SEO plugin v22.7 - https:\/\/yoast.com\/wordpress\/plugins\/seo\/ -->\n<title>Catering - Mr Lyster<\/title>\n<meta name=\"robots\" content=\"index, follow, max-snippet:-1, max-image-preview:large, max-video-preview:-1\" \/>\n<link rel=\"canonical\" href=\"https:\/\/grpmegarbane.com\/en\/bistro-du-pinacle\/catering\/\" \/>\n<meta property=\"og:locale\" content=\"en_US\" \/>\n<meta property=\"og:type\" content=\"article\" \/>\n<meta property=\"og:title\" content=\"Catering - Mr Lyster\" \/>\n<meta property=\"og:url\" content=\"https:\/\/grpmegarbane.com\/en\/bistro-du-pinacle\/catering\/\" \/>\n<meta property=\"og:site_name\" content=\"Mr Lyster\" \/>\n<meta property=\"article:modified_time\" content=\"2026-05-06T03:48:29+00:00\" \/>\n<meta property=\"og:image\" content=\"https:\/\/grpmegarbane.com\/wp-content\/uploads\/2023\/01\/fbk-GroupeMegarbane.png\" \/>\n\t<meta property=\"og:image:width\" content=\"1200\" \/>\n\t<meta property=\"og:image:height\" content=\"630\" \/>\n\t<meta property=\"og:image:type\" content=\"image\/png\" \/>\n<meta name=\"twitter:card\" content=\"summary_large_image\" \/>\n<meta name=\"twitter:label1\" content=\"Est. reading time\" \/>\n\t<meta name=\"twitter:data1\" content=\"2 minutes\" \/>\n<script type=\"application\/ld+json\" class=\"yoast-schema-graph\">{\"@context\":\"https:\/\/schema.org\",\"@graph\":[{\"@type\":\"WebPage\",\"@id\":\"https:\/\/grpmegarbane.com\/en\/bistro-du-pinacle\/catering\/\",\"url\":\"https:\/\/grpmegarbane.com\/en\/bistro-du-pinacle\/catering\/\",\"name\":\"Catering - Mr Lyster\",\"isPartOf\":{\"@id\":\"https:\/\/grpmegarbane.com\/#website\"},\"datePublished\":\"2023-01-16T14:08:07+00:00\",\"dateModified\":\"2026-05-06T03:48:29+00:00\",\"breadcrumb\":{\"@id\":\"https:\/\/grpmegarbane.com\/en\/bistro-du-pinacle\/catering\/#breadcrumb\"},\"inLanguage\":\"en-US\",\"potentialAction\":[{\"@type\":\"ReadAction\",\"target\":[\"https:\/\/grpmegarbane.com\/en\/bistro-du-pinacle\/catering\/\"]}]},{\"@type\":\"BreadcrumbList\",\"@id\":\"https:\/\/grpmegarbane.com\/en\/bistro-du-pinacle\/catering\/#breadcrumb\",\"itemListElement\":[{\"@type\":\"ListItem\",\"position\":1,\"name\":\"Accueil\",\"item\":\"https:\/\/grpmegarbane.com\/en\/\"},{\"@type\":\"ListItem\",\"position\":2,\"name\":\"Bistro du Pinacle &#8211; A fine local cuisine in the heart of the Coaticook region\",\"item\":\"https:\/\/grpmegarbane.com\/en\/bistro-du-pinacle\/\"},{\"@type\":\"ListItem\",\"position\":3,\"name\":\"Catering\"}]},{\"@type\":\"WebSite\",\"@id\":\"https:\/\/grpmegarbane.com\/#website\",\"url\":\"https:\/\/grpmegarbane.com\/\",\"name\":\"Mr Lyster\",\"description\":\"Exp\u00e9riences touristiques ressour\u00e7antes \u00e0 Coaticook\",\"potentialAction\":[{\"@type\":\"SearchAction\",\"target\":{\"@type\":\"EntryPoint\",\"urlTemplate\":\"https:\/\/grpmegarbane.com\/?s={search_term_string}\"},\"query-input\":\"required name=search_term_string\"}],\"inLanguage\":\"en-US\"}]}<\/script>\n<!-- \/ Yoast SEO plugin. -->","yoast_head_json":{"title":"Catering - Mr Lyster","robots":{"index":"index","follow":"follow","max-snippet":"max-snippet:-1","max-image-preview":"max-image-preview:large","max-video-preview":"max-video-preview:-1"},"canonical":"https:\/\/grpmegarbane.com\/en\/bistro-du-pinacle\/catering\/","og_locale":"en_US","og_type":"article","og_title":"Catering - Mr Lyster","og_url":"https:\/\/grpmegarbane.com\/en\/bistro-du-pinacle\/catering\/","og_site_name":"Mr Lyster","article_modified_time":"2026-05-06T03:48:29+00:00","og_image":[{"width":1200,"height":630,"url":"https:\/\/grpmegarbane.com\/wp-content\/uploads\/2023\/01\/fbk-GroupeMegarbane.png","type":"image\/png"}],"twitter_card":"summary_large_image","twitter_misc":{"Est. reading time":"2 minutes"},"schema":{"@context":"https:\/\/schema.org","@graph":[{"@type":"WebPage","@id":"https:\/\/grpmegarbane.com\/en\/bistro-du-pinacle\/catering\/","url":"https:\/\/grpmegarbane.com\/en\/bistro-du-pinacle\/catering\/","name":"Catering - Mr Lyster","isPartOf":{"@id":"https:\/\/grpmegarbane.com\/#website"},"datePublished":"2023-01-16T14:08:07+00:00","dateModified":"2026-05-06T03:48:29+00:00","breadcrumb":{"@id":"https:\/\/grpmegarbane.com\/en\/bistro-du-pinacle\/catering\/#breadcrumb"},"inLanguage":"en-US","potentialAction":[{"@type":"ReadAction","target":["https:\/\/grpmegarbane.com\/en\/bistro-du-pinacle\/catering\/"]}]},{"@type":"BreadcrumbList","@id":"https:\/\/grpmegarbane.com\/en\/bistro-du-pinacle\/catering\/#breadcrumb","itemListElement":[{"@type":"ListItem","position":1,"name":"Accueil","item":"https:\/\/grpmegarbane.com\/en\/"},{"@type":"ListItem","position":2,"name":"Bistro du Pinacle &#8211; A fine local cuisine in the heart of the Coaticook region","item":"https:\/\/grpmegarbane.com\/en\/bistro-du-pinacle\/"},{"@type":"ListItem","position":3,"name":"Catering"}]},{"@type":"WebSite","@id":"https:\/\/grpmegarbane.com\/#website","url":"https:\/\/grpmegarbane.com\/","name":"Mr Lyster","description":"Exp\u00e9riences touristiques ressour\u00e7antes \u00e0 Coaticook","potentialAction":[{"@type":"SearchAction","target":{"@type":"EntryPoint","urlTemplate":"https:\/\/grpmegarbane.com\/?s={search_term_string}"},"query-input":"required name=search_term_string"}],"inLanguage":"en-US"}]}},"jetpack_sharing_enabled":true,"_links":{"self":[{"href":"https:\/\/grpmegarbane.com\/en\/wp-json\/wp\/v2\/pages\/1687","targetHints":{"allow":["GET"]}}],"collection":[{"href":"https:\/\/grpmegarbane.com\/en\/wp-json\/wp\/v2\/pages"}],"about":[{"href":"https:\/\/grpmegarbane.com\/en\/wp-json\/wp\/v2\/types\/page"}],"author":[{"embeddable":true,"href":"https:\/\/grpmegarbane.com\/en\/wp-json\/wp\/v2\/users\/2"}],"replies":[{"embeddable":true,"href":"https:\/\/grpmegarbane.com\/en\/wp-json\/wp\/v2\/comments?post=1687"}],"version-history":[{"count":8,"href":"https:\/\/grpmegarbane.com\/en\/wp-json\/wp\/v2\/pages\/1687\/revisions"}],"predecessor-version":[{"id":2174,"href":"https:\/\/grpmegarbane.com\/en\/wp-json\/wp\/v2\/pages\/1687\/revisions\/2174"}],"up":[{"embeddable":true,"href":"https:\/\/grpmegarbane.com\/en\/wp-json\/wp\/v2\/pages\/1679"}],"wp:attachment":[{"href":"https:\/\/grpmegarbane.com\/en\/wp-json\/wp\/v2\/media?parent=1687"}],"curies":[{"name":"wp","href":"https:\/\/api.w.org\/{rel}","templated":true}]}}