{"id":1691,"date":"2022-09-26T10:23:08","date_gmt":"2022-09-26T14:23:08","guid":{"rendered":"https:\/\/grpmegarbane.com\/bistro-du-pinacle\/a-propos\/"},"modified":"2023-03-22T16:38:43","modified_gmt":"2023-03-22T20:38:43","slug":"about-us","status":"publish","type":"page","link":"https:\/\/grpmegarbane.com\/en\/bistro-du-pinacle\/about-us\/","title":{"rendered":"About us"},"content":{"rendered":"<div class=\"fusion-fullwidth fullwidth-box fusion-builder-row-1 fusion-flex-container has-pattern-background has-mask-background nonhundred-percent-fullwidth non-hundred-percent-height-scrolling\" style=\"--awb-border-radius-top-left:0px;--awb-border-radius-top-right:0px;--awb-border-radius-bottom-right:0px;--awb-border-radius-bottom-left:0px;--awb-flex-wrap:wrap;\" ><div class=\"fusion-builder-row fusion-row fusion-flex-align-items-flex-start fusion-flex-content-wrap\" style=\"max-width:1696px;margin-left: calc(-6% \/ 2 );margin-right: calc(-6% \/ 2 );\"><div class=\"fusion-layout-column fusion_builder_column fusion-builder-column-0 fusion_builder_column_1_1 1_1 fusion-flex-column fusion-animated\" style=\"--awb-bg-size:cover;--awb-width-large:100%;--awb-margin-top-large:0px;--awb-spacing-right-large:2.82%;--awb-margin-bottom-large:80px;--awb-spacing-left-large:2.82%;--awb-width-medium:100%;--awb-order-medium:0;--awb-spacing-right-medium:2.82%;--awb-spacing-left-medium:2.82%;--awb-width-small:100%;--awb-order-small:0;--awb-spacing-right-small:2.82%;--awb-spacing-left-small:2.82%;\" data-animationType=\"fadeInRight\" data-animationDuration=\"1.0\" data-animationOffset=\"top-into-view\"><div class=\"fusion-column-wrapper fusion-column-has-shadow fusion-flex-justify-content-flex-start fusion-content-layout-column\"><div class=\"fusion-title title fusion-title-1 fusion-sep-none fusion-title-text fusion-title-size-two\" style=\"--awb-margin-top:0px;--awb-margin-top-small:0px;\"><h2 class=\"fusion-title-heading title-heading-left\" style=\"margin:0;text-transform:none;\">At Bistro du Pinacle, we support local actors<\/h2><\/div><div class=\"fusion-text fusion-text-1\"><p>That&#8217;s why we call on them to concoct our menus according to seasonal products and availability. We call upon the <a href=\"https:\/\/boulangerieoterroir.com\/\" target=\"_blank\" rel=\"noopener\">Boulangerie \u00d4 Terroir<\/a> to use their flour to make our pizza doughs, even adding beer from the <a href=\"https:\/\/microbrasseriecoaticook.ca\/\" target=\"_blank\" rel=\"noopener\">Microbrasserie de Coaticook<\/a>, and use their breads for our sandwiches&#8230;<\/p>\n<p>We also work with the <a href=\"https:\/\/www.produitsdelaferme.com\/fr\/entreprise\/abattoir-regional-de-coaticook\" target=\"_blank\" rel=\"noopener\">regional slaughterhouse of Coaticook<\/a>, but also with the <a href=\"https:\/\/iveshill.ca\/\" target=\"_blank\" rel=\"noopener\">Yves Hill domain<\/a> and the <a href=\"https:\/\/fromagerielastation.com\/\" target=\"_blank\" rel=\"noopener\">Fromagerie La Station in Compton<\/a> and the <a href=\"https:\/\/www.facebook.com\/profile.php?id=100057875190739\" target=\"_blank\" rel=\"noopener\">\u00c9rabli\u00e8re Filion<\/a> where we get the maple products for the kitchen, the <a href=\"http:\/\/laiteriedecoaticook.com\/\" target=\"_blank\" rel=\"noopener\">Coaticook dairy<\/a> for the ice cream but also the cheese and finally the <a href=\"https:\/\/microbrasseriecoaticook.ca\/\" target=\"_blank\" rel=\"noopener\">Microbrewery of Coaticook<\/a> and the one of the <a href=\"https:\/\/hopstation.net\/\" target=\"_blank\" rel=\"noopener\">Hop station<\/a> with which we work to offer quality and local beers.<\/p>\n<p>It is therefore a point of honor for us to help each other between local actors and thus promote our beautiful region.<\/p>\n<\/div><\/div><\/div><\/div><\/div>\n","protected":false},"excerpt":{"rendered":"","protected":false},"author":2,"featured_media":0,"parent":1679,"menu_order":0,"comment_status":"closed","ping_status":"closed","template":"template-bistro-du-pinacle.php","meta":{"_acf_changed":false,"footnotes":""},"class_list":["post-1691","page","type-page","status-publish","hentry"],"acf":[],"yoast_head":"<!-- This site is optimized with the Yoast SEO plugin v22.7 - https:\/\/yoast.com\/wordpress\/plugins\/seo\/ -->\n<title>About us - Mr Lyster<\/title>\n<meta name=\"robots\" content=\"index, follow, max-snippet:-1, max-image-preview:large, max-video-preview:-1\" \/>\n<link rel=\"canonical\" href=\"https:\/\/grpmegarbane.com\/en\/bistro-du-pinacle\/about-us\/\" \/>\n<meta property=\"og:locale\" content=\"en_US\" \/>\n<meta property=\"og:type\" content=\"article\" \/>\n<meta property=\"og:title\" content=\"About us - Mr Lyster\" \/>\n<meta property=\"og:url\" content=\"https:\/\/grpmegarbane.com\/en\/bistro-du-pinacle\/about-us\/\" \/>\n<meta property=\"og:site_name\" content=\"Mr Lyster\" \/>\n<meta property=\"article:modified_time\" content=\"2023-03-22T20:38:43+00:00\" \/>\n<meta property=\"og:image\" content=\"https:\/\/grpmegarbane.com\/wp-content\/uploads\/2023\/01\/fbk-GroupeMegarbane.png\" \/>\n\t<meta property=\"og:image:width\" content=\"1200\" \/>\n\t<meta property=\"og:image:height\" content=\"630\" \/>\n\t<meta property=\"og:image:type\" content=\"image\/png\" \/>\n<meta name=\"twitter:card\" content=\"summary_large_image\" \/>\n<meta name=\"twitter:label1\" content=\"Est. reading time\" \/>\n\t<meta name=\"twitter:data1\" content=\"3 minutes\" \/>\n<script type=\"application\/ld+json\" class=\"yoast-schema-graph\">{\"@context\":\"https:\/\/schema.org\",\"@graph\":[{\"@type\":\"WebPage\",\"@id\":\"https:\/\/grpmegarbane.com\/en\/bistro-du-pinacle\/about-us\/\",\"url\":\"https:\/\/grpmegarbane.com\/en\/bistro-du-pinacle\/about-us\/\",\"name\":\"About us - Mr Lyster\",\"isPartOf\":{\"@id\":\"https:\/\/grpmegarbane.com\/#website\"},\"datePublished\":\"2022-09-26T14:23:08+00:00\",\"dateModified\":\"2023-03-22T20:38:43+00:00\",\"breadcrumb\":{\"@id\":\"https:\/\/grpmegarbane.com\/en\/bistro-du-pinacle\/about-us\/#breadcrumb\"},\"inLanguage\":\"en-US\",\"potentialAction\":[{\"@type\":\"ReadAction\",\"target\":[\"https:\/\/grpmegarbane.com\/en\/bistro-du-pinacle\/about-us\/\"]}]},{\"@type\":\"BreadcrumbList\",\"@id\":\"https:\/\/grpmegarbane.com\/en\/bistro-du-pinacle\/about-us\/#breadcrumb\",\"itemListElement\":[{\"@type\":\"ListItem\",\"position\":1,\"name\":\"Accueil\",\"item\":\"https:\/\/grpmegarbane.com\/en\/\"},{\"@type\":\"ListItem\",\"position\":2,\"name\":\"Bistro du Pinacle &#8211; A fine local cuisine in the heart of the Coaticook region\",\"item\":\"https:\/\/grpmegarbane.com\/en\/bistro-du-pinacle\/\"},{\"@type\":\"ListItem\",\"position\":3,\"name\":\"About us\"}]},{\"@type\":\"WebSite\",\"@id\":\"https:\/\/grpmegarbane.com\/#website\",\"url\":\"https:\/\/grpmegarbane.com\/\",\"name\":\"Mr Lyster\",\"description\":\"Exp\u00e9riences touristiques ressour\u00e7antes \u00e0 Coaticook\",\"potentialAction\":[{\"@type\":\"SearchAction\",\"target\":{\"@type\":\"EntryPoint\",\"urlTemplate\":\"https:\/\/grpmegarbane.com\/?s={search_term_string}\"},\"query-input\":\"required name=search_term_string\"}],\"inLanguage\":\"en-US\"}]}<\/script>\n<!-- \/ Yoast SEO plugin. -->","yoast_head_json":{"title":"About us - Mr Lyster","robots":{"index":"index","follow":"follow","max-snippet":"max-snippet:-1","max-image-preview":"max-image-preview:large","max-video-preview":"max-video-preview:-1"},"canonical":"https:\/\/grpmegarbane.com\/en\/bistro-du-pinacle\/about-us\/","og_locale":"en_US","og_type":"article","og_title":"About us - Mr Lyster","og_url":"https:\/\/grpmegarbane.com\/en\/bistro-du-pinacle\/about-us\/","og_site_name":"Mr Lyster","article_modified_time":"2023-03-22T20:38:43+00:00","og_image":[{"width":1200,"height":630,"url":"https:\/\/grpmegarbane.com\/wp-content\/uploads\/2023\/01\/fbk-GroupeMegarbane.png","type":"image\/png"}],"twitter_card":"summary_large_image","twitter_misc":{"Est. reading time":"3 minutes"},"schema":{"@context":"https:\/\/schema.org","@graph":[{"@type":"WebPage","@id":"https:\/\/grpmegarbane.com\/en\/bistro-du-pinacle\/about-us\/","url":"https:\/\/grpmegarbane.com\/en\/bistro-du-pinacle\/about-us\/","name":"About us - Mr Lyster","isPartOf":{"@id":"https:\/\/grpmegarbane.com\/#website"},"datePublished":"2022-09-26T14:23:08+00:00","dateModified":"2023-03-22T20:38:43+00:00","breadcrumb":{"@id":"https:\/\/grpmegarbane.com\/en\/bistro-du-pinacle\/about-us\/#breadcrumb"},"inLanguage":"en-US","potentialAction":[{"@type":"ReadAction","target":["https:\/\/grpmegarbane.com\/en\/bistro-du-pinacle\/about-us\/"]}]},{"@type":"BreadcrumbList","@id":"https:\/\/grpmegarbane.com\/en\/bistro-du-pinacle\/about-us\/#breadcrumb","itemListElement":[{"@type":"ListItem","position":1,"name":"Accueil","item":"https:\/\/grpmegarbane.com\/en\/"},{"@type":"ListItem","position":2,"name":"Bistro du Pinacle &#8211; A fine local cuisine in the heart of the Coaticook region","item":"https:\/\/grpmegarbane.com\/en\/bistro-du-pinacle\/"},{"@type":"ListItem","position":3,"name":"About us"}]},{"@type":"WebSite","@id":"https:\/\/grpmegarbane.com\/#website","url":"https:\/\/grpmegarbane.com\/","name":"Mr Lyster","description":"Exp\u00e9riences touristiques ressour\u00e7antes \u00e0 Coaticook","potentialAction":[{"@type":"SearchAction","target":{"@type":"EntryPoint","urlTemplate":"https:\/\/grpmegarbane.com\/?s={search_term_string}"},"query-input":"required name=search_term_string"}],"inLanguage":"en-US"}]}},"jetpack_sharing_enabled":true,"_links":{"self":[{"href":"https:\/\/grpmegarbane.com\/en\/wp-json\/wp\/v2\/pages\/1691","targetHints":{"allow":["GET"]}}],"collection":[{"href":"https:\/\/grpmegarbane.com\/en\/wp-json\/wp\/v2\/pages"}],"about":[{"href":"https:\/\/grpmegarbane.com\/en\/wp-json\/wp\/v2\/types\/page"}],"author":[{"embeddable":true,"href":"https:\/\/grpmegarbane.com\/en\/wp-json\/wp\/v2\/users\/2"}],"replies":[{"embeddable":true,"href":"https:\/\/grpmegarbane.com\/en\/wp-json\/wp\/v2\/comments?post=1691"}],"version-history":[{"count":2,"href":"https:\/\/grpmegarbane.com\/en\/wp-json\/wp\/v2\/pages\/1691\/revisions"}],"predecessor-version":[{"id":1693,"href":"https:\/\/grpmegarbane.com\/en\/wp-json\/wp\/v2\/pages\/1691\/revisions\/1693"}],"up":[{"embeddable":true,"href":"https:\/\/grpmegarbane.com\/en\/wp-json\/wp\/v2\/pages\/1679"}],"wp:attachment":[{"href":"https:\/\/grpmegarbane.com\/en\/wp-json\/wp\/v2\/media?parent=1691"}],"curies":[{"name":"wp","href":"https:\/\/api.w.org\/{rel}","templated":true}]}}