{"id":1696,"date":"2022-09-22T15:39:09","date_gmt":"2022-09-22T19:39:09","guid":{"rendered":"https:\/\/grpmegarbane.com\/emplois\/"},"modified":"2023-03-22T19:10:53","modified_gmt":"2023-03-22T23:10:53","slug":"jobs","status":"publish","type":"page","link":"https:\/\/grpmegarbane.com\/en\/jobs\/","title":{"rendered":"Jobs"},"content":{"rendered":"<p><div class=\"fusion-fullwidth fullwidth-box fusion-builder-row-1 fusion-flex-container has-pattern-background has-mask-background white nonhundred-percent-fullwidth non-hundred-percent-height-scrolling\" style=\"--awb-border-radius-top-left:0px;--awb-border-radius-top-right:0px;--awb-border-radius-bottom-right:0px;--awb-border-radius-bottom-left:0px;--awb-padding-top:100px;--awb-margin-bottom:100px;--awb-background-color:var(--awb-color2);--awb-flex-wrap:wrap;\" ><div class=\"fusion-builder-row fusion-row fusion-flex-align-items-flex-start fusion-flex-content-wrap\" style=\"max-width:1696px;margin-left: calc(-6% \/ 2 );margin-right: calc(-6% \/ 2 );\"><div class=\"fusion-layout-column fusion_builder_column fusion-builder-column-0 fusion_builder_column_1_2 1_2 fusion-flex-column fusion-animated\" style=\"--awb-bg-size:cover;--awb-width-large:50%;--awb-margin-top-large:0px;--awb-spacing-right-large:5.64%;--awb-margin-bottom-large:20px;--awb-spacing-left-large:5.64%;--awb-width-medium:100%;--awb-order-medium:0;--awb-spacing-right-medium:2.82%;--awb-spacing-left-medium:2.82%;--awb-width-small:100%;--awb-order-small:0;--awb-spacing-right-small:2.82%;--awb-spacing-left-small:2.82%;\" data-animationType=\"slideInLeft\" data-animationDuration=\"1.0\" data-animationOffset=\"top-into-view\"><div class=\"fusion-column-wrapper fusion-column-has-shadow fusion-flex-justify-content-flex-start fusion-content-layout-column\"><div class=\"fusion-title title fusion-title-1 fusion-sep-none fusion-title-text fusion-title-size-two script style-h1\" style=\"--awb-margin-top:0px;--awb-margin-top-small:0px;\"><h2 class=\"fusion-title-heading title-heading-left\" style=\"margin:0;text-transform:none;\">Our commitment: well-being, respect and conviviality.<\/h2><\/div><\/div><\/div><div class=\"fusion-layout-column fusion_builder_column fusion-builder-column-1 fusion_builder_column_1_2 1_2 fusion-flex-column fusion-animated\" style=\"--awb-bg-size:cover;--awb-width-large:50%;--awb-margin-top-large:0px;--awb-spacing-right-large:5.64%;--awb-margin-bottom-large:80px;--awb-spacing-left-large:5.64%;--awb-width-medium:100%;--awb-order-medium:0;--awb-spacing-right-medium:2.82%;--awb-spacing-left-medium:2.82%;--awb-width-small:100%;--awb-order-small:0;--awb-spacing-right-small:2.82%;--awb-spacing-left-small:2.82%;\" data-animationType=\"fadeInUp\" data-animationDuration=\"1.5\" data-animationOffset=\"top-into-view\"><div class=\"fusion-column-wrapper fusion-column-has-shadow fusion-flex-justify-content-flex-start fusion-content-layout-column\"><div class=\"fusion-text fusion-text-1\"><p>At Groupe Megarbane, we place great importance on the well-being of our employees and are attentive to their needs. We offer a &#8220;family&#8221; work environment because we consider ourselves to be a large &#8220;family&#8221; with our teams, with whom we maintain a close relationship, and we reward our teams for their hard work and the achievement of set objectives.<\/p>\n<p>If you want to join our great family, you are at the right place!<\/p>\n<\/div><\/div><\/div><\/div><\/div><div class=\"fusion-fullwidth fullwidth-box fusion-builder-row-2 fusion-flex-container has-pattern-background has-mask-background nonhundred-percent-fullwidth non-hundred-percent-height-scrolling\" style=\"--awb-border-radius-top-left:0px;--awb-border-radius-top-right:0px;--awb-border-radius-bottom-right:0px;--awb-border-radius-bottom-left:0px;--awb-margin-bottom:60px;--awb-flex-wrap:wrap;\" ><div class=\"fusion-builder-row fusion-row fusion-flex-align-items-flex-start fusion-flex-content-wrap\" style=\"max-width:1696px;margin-left: calc(-6% \/ 2 );margin-right: calc(-6% \/ 2 );\"><div class=\"fusion-layout-column fusion_builder_column fusion-builder-column-2 fusion_builder_column_1_1 1_1 fusion-flex-column fusion-animated\" style=\"--awb-bg-size:cover;--awb-width-large:100%;--awb-margin-top-large:0px;--awb-spacing-right-large:2.82%;--awb-margin-bottom-large:80px;--awb-spacing-left-large:2.82%;--awb-width-medium:100%;--awb-order-medium:0;--awb-spacing-right-medium:2.82%;--awb-spacing-left-medium:2.82%;--awb-width-small:100%;--awb-order-small:0;--awb-spacing-right-small:2.82%;--awb-spacing-left-small:2.82%;\" data-animationType=\"fadeInRight\" data-animationDuration=\"1.0\" data-animationOffset=\"top-into-view\"><div class=\"fusion-column-wrapper fusion-column-has-shadow fusion-flex-justify-content-flex-start fusion-content-layout-column\"><div class=\"fusion-title title fusion-title-2 fusion-sep-none fusion-title-text fusion-title-size-two\" style=\"--awb-margin-top:0px;--awb-margin-top-small:0px;\"><h2 class=\"fusion-title-heading title-heading-left\" style=\"margin:0;text-transform:none;\">Available positions<\/h2><\/div><div id=\"poste_list_own\">\n\t\t\t\t\t\t                                        <div class=\"pm_jobs_list_col\" style=\"width:calc((100% - (0 * 4%)) \/ 1);\">\n                    <ul class=\"fusion-checklist\" style=\"font-size:20px;line-height:34px;\">\n                                        \t<li class=\"fusion-li-item\">\n                        \t<div>\n                                <a href=\"https:\/\/grpmegarbane.com\/en\/postes\/versatile-bartender-waiter\/\" class=\"job_list_title_link\">\n                                    Versatile bartender \/ waiter                                <\/a>\n                           <\/div>\n                           <div>Bistro du Pinacle<\/div>\n                           <div><a href=\"https:\/\/grpmegarbane.com\/en\/postes\/versatile-bartender-waiter\/\" class=\"btn_more_detail_job\">More details<\/a><\/div>\n                        <\/li>\n                    \t\t\t\t\t                                        \t<li class=\"fusion-li-item\">\n                        \t<div>\n                                <a href=\"https:\/\/grpmegarbane.com\/en\/postes\/maitre-d-multi-skilled-barman\/\" class=\"job_list_title_link\">\n                                    Ma\u00eetre d&#8217; \/ Multi-skilled Barman                                <\/a>\n                           <\/div>\n                           <div>Bistro du Pinacle<\/div>\n                           <div><a href=\"https:\/\/grpmegarbane.com\/en\/postes\/maitre-d-multi-skilled-barman\/\" class=\"btn_more_detail_job\">More details<\/a><\/div>\n                        <\/li>\n                                        <\/ul>\n                    <\/div>\n                         \n        \n<\/div><\/div><\/div><\/div><\/div><div class=\"fusion-fullwidth fullwidth-box fusion-builder-row-3 fusion-flex-container has-pattern-background has-mask-background nonhundred-percent-fullwidth non-hundred-percent-height-scrolling\" style=\"--awb-border-radius-top-left:0px;--awb-border-radius-top-right:0px;--awb-border-radius-bottom-right:0px;--awb-border-radius-bottom-left:0px;--awb-flex-wrap:wrap;\" ><div class=\"fusion-builder-row fusion-row fusion-flex-align-items-flex-start fusion-flex-content-wrap\" style=\"max-width:1696px;margin-left: calc(-6% \/ 2 );margin-right: calc(-6% \/ 2 );\"><div class=\"fusion-layout-column fusion_builder_column fusion-builder-column-3 fusion_builder_column_1_1 1_1 fusion-flex-column max-width fusion-animated\" style=\"--awb-bg-size:cover;--awb-width-large:100%;--awb-margin-top-large:0px;--awb-spacing-right-large:2.82%;--awb-margin-bottom-large:40px;--awb-spacing-left-large:2.82%;--awb-width-medium:100%;--awb-order-medium:0;--awb-spacing-right-medium:2.82%;--awb-spacing-left-medium:2.82%;--awb-width-small:100%;--awb-order-small:0;--awb-spacing-right-small:2.82%;--awb-spacing-left-small:2.82%;\" data-animationType=\"fadeInDown\" data-animationDuration=\"1.0\" data-animationOffset=\"top-into-view\"><div class=\"fusion-column-wrapper fusion-column-has-shadow fusion-flex-justify-content-flex-start fusion-content-layout-column\"><div class=\"fusion-title title fusion-title-3 fusion-title-center fusion-title-text fusion-title-size-two uppercase style-h1\" style=\"--awb-margin-top:0px;--awb-margin-top-small:0px;\"><div class=\"title-sep-container title-sep-container-left\"><div class=\"title-sep sep-single sep-solid\" style=\"border-color:var(--awb-color3);\"><\/div><\/div><span class=\"awb-title-spacer\"><\/span><h2 class=\"fusion-title-heading title-heading-center\" style=\"margin:0;text-transform:none;\">Apply now<\/h2><span class=\"awb-title-spacer\"><\/span><div class=\"title-sep-container title-sep-container-right\"><div class=\"title-sep sep-single sep-solid\" style=\"border-color:var(--awb-color3);\"><\/div><\/div><\/div><div class=\"fusion-text fusion-text-2\" style=\"--awb-content-alignment:center;\"><p>Join our great family! Tell us about your experiences and apply now to join the wonderful team at Megarbane Group.<\/p>\n<\/div><\/div><\/div><div class=\"fusion-layout-column fusion_builder_column fusion-builder-column-4 fusion_builder_column_1_1 1_1 fusion-flex-column max-width fusion-animated\" style=\"--awb-bg-size:cover;--awb-width-large:100%;--awb-margin-top-large:0px;--awb-spacing-right-large:2.82%;--awb-margin-bottom-large:80px;--awb-spacing-left-large:2.82%;--awb-width-medium:100%;--awb-order-medium:0;--awb-spacing-right-medium:2.82%;--awb-spacing-left-medium:2.82%;--awb-width-small:100%;--awb-order-small:0;--awb-spacing-right-small:2.82%;--awb-spacing-left-small:2.82%;\" data-animationType=\"fadeInUp\" data-animationDuration=\"1.0\" data-animationOffset=\"top-into-view\"><div class=\"fusion-column-wrapper fusion-column-has-shadow fusion-flex-justify-content-flex-start fusion-content-layout-column\">\n<div class=\"wpcf7 no-js\" id=\"wpcf7-f1795-o1\" lang=\"fr-CA\" dir=\"ltr\">\n<div class=\"screen-reader-response\"><p role=\"status\" aria-live=\"polite\" aria-atomic=\"true\"><\/p> <ul><\/ul><\/div>\n<form action=\"\/en\/wp-json\/wp\/v2\/pages\/1696#wpcf7-f1795-o1\" method=\"post\" class=\"wpcf7-form init\" aria-label=\"Contact form\" enctype=\"multipart\/form-data\" novalidate=\"novalidate\" data-status=\"init\">\n<div style=\"display: none;\">\n<input type=\"hidden\" name=\"_wpcf7\" value=\"1795\" \/>\n<input type=\"hidden\" name=\"_wpcf7_version\" value=\"5.9.4\" \/>\n<input type=\"hidden\" name=\"_wpcf7_locale\" value=\"fr_CA\" \/>\n<input type=\"hidden\" name=\"_wpcf7_unit_tag\" value=\"wpcf7-f1795-o1\" \/>\n<input type=\"hidden\" name=\"_wpcf7_container_post\" value=\"0\" \/>\n<input type=\"hidden\" name=\"_wpcf7_posted_data_hash\" value=\"\" \/>\n<input type=\"hidden\" name=\"_wpcf7_recaptcha_response\" value=\"\" \/>\n<\/div>\n<div class=\"double-input\">\n\t<div class=\"input-left\">\n\t\t<p><span class=\"wpcf7-form-control-wrap\" data-name=\"your-firstname\"><input size=\"40\" class=\"wpcf7-form-control wpcf7-text wpcf7-validates-as-required\" aria-required=\"true\" aria-invalid=\"false\" placeholder=\"Firstname*\" value=\"\" type=\"text\" name=\"your-firstname\" \/><\/span>\n\t\t<\/p>\n\t<\/div>\n\t<div class=\"input-right\">\n\t\t<p><span class=\"wpcf7-form-control-wrap\" data-name=\"your-name\"><input size=\"40\" class=\"wpcf7-form-control wpcf7-text wpcf7-validates-as-required\" aria-required=\"true\" aria-invalid=\"false\" placeholder=\"Name*\" value=\"\" type=\"text\" name=\"your-name\" \/><\/span>\n\t\t<\/p>\n\t<\/div>\n<\/div>\n<div class=\"double-input\">\n\t<div class=\"input-left\">\n\t\t<p><span class=\"wpcf7-form-control-wrap\" data-name=\"your-email\"><input size=\"40\" class=\"wpcf7-form-control wpcf7-email wpcf7-validates-as-required wpcf7-text wpcf7-validates-as-email\" aria-required=\"true\" aria-invalid=\"false\" placeholder=\"Email*\" value=\"\" type=\"email\" name=\"your-email\" \/><\/span>\n\t\t<\/p>\n\t<\/div>\n\t<div class=\"input-right\">\n\t\t<p><span class=\"wpcf7-form-control-wrap\" data-name=\"phone\"><input size=\"40\" class=\"wpcf7-form-control wpcf7-tel wpcf7-validates-as-required wpcf7-text wpcf7-validates-as-tel\" aria-required=\"true\" aria-invalid=\"false\" placeholder=\"Phone*\" value=\"\" type=\"tel\" name=\"phone\" \/><\/span>\n\t\t<\/p>\n\t<\/div>\n<\/div>\n<div>\n\t<p><span class=\"wpcf7-form-control-wrap\" data-name=\"emploi\"><input size=\"40\" class=\"wpcf7-form-control wpcf7-text wpcf7-validates-as-required\" aria-required=\"true\" aria-invalid=\"false\" placeholder=\"Desired position*\" value=\"\" type=\"text\" name=\"emploi\" \/><\/span>\n\t<\/p>\n<\/div>\n<div class=\"spacer\">\n\t<p>&nbsp;\n\t<\/p>\n<\/div>\n<div class=\"double-input\">\n\t<div class=\"input-left input-file\">\n\t\t<p>Attach CV* <span class=\"wpcf7-form-control-wrap\" data-name=\"CV\"><input size=\"40\" class=\"wpcf7-form-control wpcf7-file wpcf7-validates-as-required cv\" accept=\".pdf,.doc,.docx\" aria-required=\"true\" aria-invalid=\"false\" type=\"file\" name=\"CV\" \/><\/span>\n\t\t<\/p>\n\t<\/div>\n\t<div class=\"input-right input-file\">\n\t\t<p>Attach a letter <span class=\"wpcf7-form-control-wrap\" data-name=\"letter\"><input size=\"40\" class=\"wpcf7-form-control wpcf7-file lettre\" accept=\".pdf,.doc,.docx\" aria-invalid=\"false\" type=\"file\" name=\"letter\" \/><\/span>\n\t\t<\/p>\n\t<\/div>\n<\/div>\n<div>\n\t<p><span class=\"wpcf7-form-control-wrap\" data-name=\"your-message\"><textarea cols=\"40\" rows=\"10\" class=\"wpcf7-form-control wpcf7-textarea\" aria-invalid=\"false\" placeholder=\"Additional info\" name=\"your-message\"><\/textarea><\/span>\n\t<\/p>\n<\/div>\n<div class=\"btn-form\">\n\t<p><input class=\"wpcf7-form-control wpcf7-submit has-spinner\" type=\"submit\" value=\"Send\" \/>\n\t<\/p>\n<\/div><input type='hidden' class='wpcf7-pum' value='{\"closepopup\":false,\"closedelay\":0,\"openpopup\":false,\"openpopup_id\":0}' \/><div class=\"fusion-alert alert custom alert-custom fusion-alert-center wpcf7-response-output awb-alert-native-link-color alert-dismissable awb-alert-close-boxed\" style=\"--awb-border-size:2px;--awb-border-top-left-radius:0px;--awb-border-top-right-radius:0px;--awb-border-bottom-left-radius:0px;--awb-border-bottom-right-radius:0px;\" role=\"alert\"><div class=\"fusion-alert-content-wrapper\"><span class=\"fusion-alert-content\"><\/span><\/div><button type=\"button\" class=\"close toggle-alert\" data-dismiss=\"alert\" aria-label=\"Close\">&times;<\/button><\/div>\n<\/form>\n<\/div>\n<\/div><\/div><\/div><\/div><\/p>\n","protected":false},"excerpt":{"rendered":"","protected":false},"author":1,"featured_media":0,"parent":0,"menu_order":0,"comment_status":"closed","ping_status":"closed","template":"100-width.php","meta":{"_acf_changed":false,"footnotes":""},"class_list":["post-1696","page","type-page","status-publish","hentry"],"acf":[],"yoast_head":"<!-- This site is optimized with the Yoast SEO plugin v22.7 - https:\/\/yoast.com\/wordpress\/plugins\/seo\/ -->\n<title>Jobs - Mr Lyster<\/title>\n<meta name=\"robots\" content=\"index, follow, max-snippet:-1, max-image-preview:large, max-video-preview:-1\" \/>\n<link rel=\"canonical\" href=\"https:\/\/grpmegarbane.com\/en\/jobs\/\" \/>\n<meta property=\"og:locale\" content=\"en_US\" \/>\n<meta property=\"og:type\" content=\"article\" \/>\n<meta property=\"og:title\" content=\"Jobs - Mr Lyster\" \/>\n<meta property=\"og:url\" content=\"https:\/\/grpmegarbane.com\/en\/jobs\/\" \/>\n<meta property=\"og:site_name\" content=\"Mr Lyster\" \/>\n<meta property=\"article:modified_time\" content=\"2023-03-22T23:10:53+00:00\" \/>\n<meta property=\"og:image\" content=\"https:\/\/grpmegarbane.com\/wp-content\/uploads\/2023\/01\/fbk-GroupeMegarbane.png\" \/>\n\t<meta property=\"og:image:width\" content=\"1200\" \/>\n\t<meta property=\"og:image:height\" content=\"630\" \/>\n\t<meta property=\"og:image:type\" content=\"image\/png\" \/>\n<meta name=\"twitter:card\" content=\"summary_large_image\" \/>\n<meta name=\"twitter:label1\" content=\"Est. reading time\" \/>\n\t<meta name=\"twitter:data1\" content=\"8 minutes\" \/>\n<script type=\"application\/ld+json\" class=\"yoast-schema-graph\">{\"@context\":\"https:\/\/schema.org\",\"@graph\":[{\"@type\":\"WebPage\",\"@id\":\"https:\/\/grpmegarbane.com\/en\/jobs\/\",\"url\":\"https:\/\/grpmegarbane.com\/en\/jobs\/\",\"name\":\"Jobs - Mr Lyster\",\"isPartOf\":{\"@id\":\"https:\/\/grpmegarbane.com\/#website\"},\"datePublished\":\"2022-09-22T19:39:09+00:00\",\"dateModified\":\"2023-03-22T23:10:53+00:00\",\"breadcrumb\":{\"@id\":\"https:\/\/grpmegarbane.com\/en\/jobs\/#breadcrumb\"},\"inLanguage\":\"en-US\",\"potentialAction\":[{\"@type\":\"ReadAction\",\"target\":[\"https:\/\/grpmegarbane.com\/en\/jobs\/\"]}]},{\"@type\":\"BreadcrumbList\",\"@id\":\"https:\/\/grpmegarbane.com\/en\/jobs\/#breadcrumb\",\"itemListElement\":[{\"@type\":\"ListItem\",\"position\":1,\"name\":\"Accueil\",\"item\":\"https:\/\/grpmegarbane.com\/en\/\"},{\"@type\":\"ListItem\",\"position\":2,\"name\":\"Jobs\"}]},{\"@type\":\"WebSite\",\"@id\":\"https:\/\/grpmegarbane.com\/#website\",\"url\":\"https:\/\/grpmegarbane.com\/\",\"name\":\"Mr Lyster\",\"description\":\"Exp\u00e9riences touristiques ressour\u00e7antes \u00e0 Coaticook\",\"potentialAction\":[{\"@type\":\"SearchAction\",\"target\":{\"@type\":\"EntryPoint\",\"urlTemplate\":\"https:\/\/grpmegarbane.com\/?s={search_term_string}\"},\"query-input\":\"required name=search_term_string\"}],\"inLanguage\":\"en-US\"}]}<\/script>\n<!-- \/ Yoast SEO plugin. -->","yoast_head_json":{"title":"Jobs - Mr Lyster","robots":{"index":"index","follow":"follow","max-snippet":"max-snippet:-1","max-image-preview":"max-image-preview:large","max-video-preview":"max-video-preview:-1"},"canonical":"https:\/\/grpmegarbane.com\/en\/jobs\/","og_locale":"en_US","og_type":"article","og_title":"Jobs - Mr Lyster","og_url":"https:\/\/grpmegarbane.com\/en\/jobs\/","og_site_name":"Mr Lyster","article_modified_time":"2023-03-22T23:10:53+00:00","og_image":[{"width":1200,"height":630,"url":"https:\/\/grpmegarbane.com\/wp-content\/uploads\/2023\/01\/fbk-GroupeMegarbane.png","type":"image\/png"}],"twitter_card":"summary_large_image","twitter_misc":{"Est. reading time":"8 minutes"},"schema":{"@context":"https:\/\/schema.org","@graph":[{"@type":"WebPage","@id":"https:\/\/grpmegarbane.com\/en\/jobs\/","url":"https:\/\/grpmegarbane.com\/en\/jobs\/","name":"Jobs - Mr Lyster","isPartOf":{"@id":"https:\/\/grpmegarbane.com\/#website"},"datePublished":"2022-09-22T19:39:09+00:00","dateModified":"2023-03-22T23:10:53+00:00","breadcrumb":{"@id":"https:\/\/grpmegarbane.com\/en\/jobs\/#breadcrumb"},"inLanguage":"en-US","potentialAction":[{"@type":"ReadAction","target":["https:\/\/grpmegarbane.com\/en\/jobs\/"]}]},{"@type":"BreadcrumbList","@id":"https:\/\/grpmegarbane.com\/en\/jobs\/#breadcrumb","itemListElement":[{"@type":"ListItem","position":1,"name":"Accueil","item":"https:\/\/grpmegarbane.com\/en\/"},{"@type":"ListItem","position":2,"name":"Jobs"}]},{"@type":"WebSite","@id":"https:\/\/grpmegarbane.com\/#website","url":"https:\/\/grpmegarbane.com\/","name":"Mr Lyster","description":"Exp\u00e9riences touristiques ressour\u00e7antes \u00e0 Coaticook","potentialAction":[{"@type":"SearchAction","target":{"@type":"EntryPoint","urlTemplate":"https:\/\/grpmegarbane.com\/?s={search_term_string}"},"query-input":"required name=search_term_string"}],"inLanguage":"en-US"}]}},"jetpack_sharing_enabled":true,"_links":{"self":[{"href":"https:\/\/grpmegarbane.com\/en\/wp-json\/wp\/v2\/pages\/1696","targetHints":{"allow":["GET"]}}],"collection":[{"href":"https:\/\/grpmegarbane.com\/en\/wp-json\/wp\/v2\/pages"}],"about":[{"href":"https:\/\/grpmegarbane.com\/en\/wp-json\/wp\/v2\/types\/page"}],"author":[{"embeddable":true,"href":"https:\/\/grpmegarbane.com\/en\/wp-json\/wp\/v2\/users\/1"}],"replies":[{"embeddable":true,"href":"https:\/\/grpmegarbane.com\/en\/wp-json\/wp\/v2\/comments?post=1696"}],"version-history":[{"count":3,"href":"https:\/\/grpmegarbane.com\/en\/wp-json\/wp\/v2\/pages\/1696\/revisions"}],"predecessor-version":[{"id":1797,"href":"https:\/\/grpmegarbane.com\/en\/wp-json\/wp\/v2\/pages\/1696\/revisions\/1797"}],"wp:attachment":[{"href":"https:\/\/grpmegarbane.com\/en\/wp-json\/wp\/v2\/media?parent=1696"}],"curies":[{"name":"wp","href":"https:\/\/api.w.org\/{rel}","templated":true}]}}